{"id":46428,"date":"2025-03-21T14:43:12","date_gmt":"2025-03-21T14:43:12","guid":{"rendered":"https:\/\/espacetriathlon.com\/product\/muta-victory-eco-triathlon-uomo\/"},"modified":"2025-03-21T14:43:12","modified_gmt":"2025-03-21T14:43:12","slug":"muta-victory-eco-triathlon-uomo","status":"publish","type":"product","link":"https:\/\/espacetriathlon.com\/it\/product\/muta-victory-eco-triathlon-uomo\/","title":{"rendered":"Muta Victory Eco Triathlon Uomo"},"content":{"rendered":"<div class=\"review-widget\">\n<div class=\"product-block\">\n<h4 class=\"describe_title\">Descrizione<\/h4>\n<div class=\"collapsibles-wrapper--border-bottom\">\n<p class=\"describe_content\">Adottando una tecnologia all&#8217;avanguardia e un design ergonomico innovativo, VICTORY \u00e8 la muta di alto livello con massima galleggiabilit\u00e0 e massima flessibilit\u00e0 per i triatleti d&#8217;\u00e9lite senza precedenti.<\/p>\n<\/div>\n<\/div>\n<div class=\"product-block\">\n<h4 class=\"describe_title\">Spessore del neoprene<\/h4>\n<div class=\"collapsibles-wrapper--border-bottom\">\n<p class=\"describe_content\">\u25cf Petto: 5 mm<br \/>\n\u25cf Schiena: 2,5 mm\/3 mm<br \/>\n\u25cf Braccia: 1 mm<br \/>\n\u25cf Gambe superiori: 5 mm<br \/>\n\u25cf Gambe inferiori: 3 mm<\/p>\n<\/div>\n<\/div>\n<\/div>\n","protected":false},"excerpt":{"rendered":"<p>Il rivestimento Yamamoto Nano SCS ricopre la maggior parte della muta e ti offre le migliori propriet\u00e0 idrodinamiche della linea. La combinazione di fodera SQ-flex e neoprene Yamamoto #45 su spalle, braccia e ascelle offre la migliore elasticit\u00e0 del mercato. La tecnologia brevettata Aeroatom ha una galleggiabilit\u00e0 superiore del 30% rispetto all&#8217;Aerodome.  <\/p>\n","protected":false},"featured_media":46404,"template":"","meta":[],"product_brand":[],"product_cat":[308],"product_tag":[],"class_list":{"0":"post-46428","1":"product","2":"type-product","3":"status-publish","4":"has-post-thumbnail","6":"product_cat-wetsuit-neopren-it","7":"pa_brand-sumarpo-it","9":"first","10":"instock","11":"sale","12":"shipping-taxable","13":"purchasable","14":"product-type-variable"},"_links":{"self":[{"href":"https:\/\/espacetriathlon.com\/it\/wp-json\/wp\/v2\/product\/46428","targetHints":{"allow":["GET"]}}],"collection":[{"href":"https:\/\/espacetriathlon.com\/it\/wp-json\/wp\/v2\/product"}],"about":[{"href":"https:\/\/espacetriathlon.com\/it\/wp-json\/wp\/v2\/types\/product"}],"version-history":[{"count":0,"href":"https:\/\/espacetriathlon.com\/it\/wp-json\/wp\/v2\/product\/46428\/revisions"}],"wp:featuredmedia":[{"embeddable":true,"href":"https:\/\/espacetriathlon.com\/it\/wp-json\/wp\/v2\/media\/46404"}],"wp:attachment":[{"href":"https:\/\/espacetriathlon.com\/it\/wp-json\/wp\/v2\/media?parent=46428"}],"wp:term":[{"taxonomy":"product_brand","embeddable":true,"href":"https:\/\/espacetriathlon.com\/it\/wp-json\/wp\/v2\/product_brand?post=46428"},{"taxonomy":"product_cat","embeddable":true,"href":"https:\/\/espacetriathlon.com\/it\/wp-json\/wp\/v2\/product_cat?post=46428"},{"taxonomy":"product_tag","embeddable":true,"href":"https:\/\/espacetriathlon.com\/it\/wp-json\/wp\/v2\/product_tag?post=46428"}],"curies":[{"name":"wp","href":"https:\/\/api.w.org\/{rel}","templated":true}]}}