{"id":47351,"date":"2025-04-18T14:36:28","date_gmt":"2025-04-18T14:36:28","guid":{"rendered":"https:\/\/espacetriathlon.com\/?post_type=product&#038;p=47351"},"modified":"2025-04-18T14:43:46","modified_gmt":"2025-04-18T14:43:46","slug":"athlex-float-women-v2","status":"publish","type":"product","link":"https:\/\/espacetriathlon.com\/it\/product\/athlex-float-women-v2\/","title":{"rendered":"Athlex Float Women V2"},"content":{"rendered":"<p>39+: The increased flexibility of Yamamoto 39 neoprene, combined with the high elasticity of Inifinty Skin 2 lining, provides open water swimmers with maximum freedom of movement. Thanks to this combination, 35% less force is required in fast movements than in conventional neoprene. For slow movements and wider strokes, 45% less force is required than in conventional neoprene. SCS coating also helps reduce friction and water resistance, improving hydrodynamics and increasing speed.Nu<\/p>\n<p>39 FS: Elasticity, maximum flexibility and total freedom of movement are brought together thanks to the combination of Yamamoto 39 neoprene, Infinity Skin 2 lining and Smoothskin surface finish. With this combination, the open water swimmer will use 35% less force in fast movements and short strokes, while slower and wider movements will require 45% less force than any other conventional neoprene.<\/p>\n<p>38+: Yamamoto 38 provides more compression for a better fitting wetsuit, for greater comfort when swimming in open water. For greater hydrodynamics, SCS coating is used which reduces water resistance, increasing speed.<\/p>\n","protected":false},"excerpt":{"rendered":"<p>La muta Athlex Float combina un&#8217;elevata galleggiabilit\u00e0 con un&#8217;alta elasticit\u00e0, risultando in una muta molto equilibrata per i nuotatori che hanno bisogno di una maggiore galleggiabilit\u00e0 per correggere il loro posizionamento in acqua. La parte superiore del corpo pi\u00f9 sottile e i materiali spessi delle gambe permettono ai nuotatori di affrontare i triathlon con fiducia.<\/p>\n<p><strong>Nuovo modello 2025<\/strong><\/p>\n<p><em>Garanzia Sportmax: consiglia piccole riparazioni gratuite per un anno dopo l&#8217;acquisto<\/em><\/p>\n<p><a href=\"https:\/\/espacetriathlon.com\/it\/la-scelta-di-una-muta-in-neoprene\/\" rel=\"noopener\">Hai bisogno di aiuto per scegliere la tua muta?<\/a><\/p>\n","protected":false},"featured_media":49709,"template":"","meta":[],"product_brand":[],"product_cat":[308],"product_tag":[],"class_list":{"0":"post-47351","1":"product","2":"type-product","3":"status-publish","4":"has-post-thumbnail","6":"product_cat-wetsuit-neopren-it","7":"pa_brand-orca-it","8":"pa_taille-orca-f-st-170-185-cm-60-67-kg-it","9":"pa_taille-orca-f-xst-157-167-cm-50-56-kg-it","10":"pa_taille-orca-f-xs-144-160cm-46-53kg-it","11":"pa_taille-orca-f-s-157-167cm-54-61kg-it","12":"pa_taille-orca-f-m-165-177cm-60-67kg-it","13":"pa_taille-orca-f-l-170-185cm-66-74kg-it","14":"pa_taille-orca-f-xl-177-189cm-73-79kg-it","16":"first","17":"instock","18":"shipping-taxable","19":"purchasable","20":"product-type-variable"},"_links":{"self":[{"href":"https:\/\/espacetriathlon.com\/it\/wp-json\/wp\/v2\/product\/47351","targetHints":{"allow":["GET"]}}],"collection":[{"href":"https:\/\/espacetriathlon.com\/it\/wp-json\/wp\/v2\/product"}],"about":[{"href":"https:\/\/espacetriathlon.com\/it\/wp-json\/wp\/v2\/types\/product"}],"version-history":[{"count":3,"href":"https:\/\/espacetriathlon.com\/it\/wp-json\/wp\/v2\/product\/47351\/revisions"}],"predecessor-version":[{"id":47400,"href":"https:\/\/espacetriathlon.com\/it\/wp-json\/wp\/v2\/product\/47351\/revisions\/47400"}],"wp:featuredmedia":[{"embeddable":true,"href":"https:\/\/espacetriathlon.com\/it\/wp-json\/wp\/v2\/media\/49709"}],"wp:attachment":[{"href":"https:\/\/espacetriathlon.com\/it\/wp-json\/wp\/v2\/media?parent=47351"}],"wp:term":[{"taxonomy":"product_brand","embeddable":true,"href":"https:\/\/espacetriathlon.com\/it\/wp-json\/wp\/v2\/product_brand?post=47351"},{"taxonomy":"product_cat","embeddable":true,"href":"https:\/\/espacetriathlon.com\/it\/wp-json\/wp\/v2\/product_cat?post=47351"},{"taxonomy":"product_tag","embeddable":true,"href":"https:\/\/espacetriathlon.com\/it\/wp-json\/wp\/v2\/product_tag?post=47351"}],"curies":[{"name":"wp","href":"https:\/\/api.w.org\/{rel}","templated":true}]}}