{"id":47470,"date":"2025-04-19T08:02:55","date_gmt":"2025-04-19T08:02:55","guid":{"rendered":"https:\/\/espacetriathlon.com\/product\/athlex-tri-short\/"},"modified":"2025-04-19T08:02:55","modified_gmt":"2025-04-19T08:02:55","slug":"athlex-tri-short","status":"publish","type":"product","link":"https:\/\/espacetriathlon.com\/it\/product\/athlex-tri-short\/","title":{"rendered":"Athlex Tri Short"},"content":{"rendered":"<table width=\"125\">\n<tbody>\n<tr>\n<td width=\"125\"><\/td>\n<\/tr>\n<\/tbody>\n<\/table>\n<p>Vapour-cool<\/p>\n<p>Questa tecnologia a base di nanocristalli aiuta a raffreddare il corpo dell&#8217;atleta, permettendo al sudore di evaporare pi\u00f9 rapidamente. Inoltre, fornisce una compressione senza sacrificare la flessibilit\u00e0 dell&#8217;indumento, garantendo una vestibilit\u00e0 molto aderente. <\/p>\n<p>Camoscio Tri-tech<br \/>\nIl camoscio Tri-Tech da 4 mm, di produzione italiana, con una densit\u00e0 di 120 kg\/m3, offre un comfort totale sulla bici, oltre ad essere ad asciugatura rapida.<\/p>\n","protected":false},"excerpt":{"rendered":"<table width=\"348\">\n<tbody>\n<tr>\n<td width=\"348\"><\/td>\n<\/tr>\n<\/tbody>\n<\/table>\n<p>L&#8217;Athlex Tri Pant incorpora tecnologie mirate a migliorare le prestazioni. \u00c8 realizzato con il tessuto Vapour-cool che aiuta a raffreddare il triatleta, permettendo al sudore di evaporare rapidamente. Include tasche posteriori per riporre tutto il necessario per la gara.  <\/p>\n<p>*Questo indumento \u00e8 realizzato in tessuto compressivo. Se hai una taglia in pi\u00f9, scegli la taglia pi\u00f9 grande. <\/p>\n","protected":false},"featured_media":47463,"template":"","meta":[],"product_brand":[],"product_cat":[315],"product_tag":[],"class_list":{"0":"post-47470","1":"product","2":"type-product","3":"status-publish","4":"has-post-thumbnail","6":"product_cat-gear-it","7":"product_shipping_class-petitarticle-it","8":"pa_brand-orca-it","9":"pa_size-l-it","10":"pa_size-m-it","11":"pa_size-s-it","12":"pa_size-xl-it","14":"first","15":"instock","16":"shipping-taxable","17":"purchasable","18":"product-type-variable"},"_links":{"self":[{"href":"https:\/\/espacetriathlon.com\/it\/wp-json\/wp\/v2\/product\/47470","targetHints":{"allow":["GET"]}}],"collection":[{"href":"https:\/\/espacetriathlon.com\/it\/wp-json\/wp\/v2\/product"}],"about":[{"href":"https:\/\/espacetriathlon.com\/it\/wp-json\/wp\/v2\/types\/product"}],"version-history":[{"count":0,"href":"https:\/\/espacetriathlon.com\/it\/wp-json\/wp\/v2\/product\/47470\/revisions"}],"wp:featuredmedia":[{"embeddable":true,"href":"https:\/\/espacetriathlon.com\/it\/wp-json\/wp\/v2\/media\/47463"}],"wp:attachment":[{"href":"https:\/\/espacetriathlon.com\/it\/wp-json\/wp\/v2\/media?parent=47470"}],"wp:term":[{"taxonomy":"product_brand","embeddable":true,"href":"https:\/\/espacetriathlon.com\/it\/wp-json\/wp\/v2\/product_brand?post=47470"},{"taxonomy":"product_cat","embeddable":true,"href":"https:\/\/espacetriathlon.com\/it\/wp-json\/wp\/v2\/product_cat?post=47470"},{"taxonomy":"product_tag","embeddable":true,"href":"https:\/\/espacetriathlon.com\/it\/wp-json\/wp\/v2\/product_tag?post=47470"}],"curies":[{"name":"wp","href":"https:\/\/api.w.org\/{rel}","templated":true}]}}