{"id":56971,"date":"2025-10-15T17:52:44","date_gmt":"2025-10-15T17:52:44","guid":{"rendered":"https:\/\/espacetriathlon.com\/product\/openwater-zeal-thermal-women\/"},"modified":"2025-10-15T17:52:44","modified_gmt":"2025-10-15T17:52:44","slug":"openwater-zeal-thermal-women","status":"publish","type":"product","link":"https:\/\/espacetriathlon.com\/it\/product\/openwater-zeal-thermal-women\/","title":{"rendered":"Openwater Zeal Thermal Women"},"content":{"rendered":"<p>Comfort termico superiore<br \/>\n\u00c8 la muta pi\u00f9 isolata della gamma Orca, con pannelli spessi fino a 5 mm, fodera interna Thermal X2 e cappuccio &#8220;Batwing&#8221;. L&#8217;aderenza del collo e degli arti e la guarnizione della cerniera della muta (Batwing) impediscono l&#8217;ingresso di acqua fredda, migliorando ulteriormente il comfort termico<x id=\"gid_1\"><\/x>Massima elasticit\u00e0<x id=\"gid_2\"><\/x>La combinazione di tecnologie mirate alla massima elasticit\u00e0, come Yamamoto 40X+, consente un&#8217;eccellente libert\u00e0 di movimento in acqua fredda nonostante lo spessore di questa muta. L&#8217;elasticit\u00e0 della fodera termica Thermal X conferisce ai pannelli da 5 mm le stesse propriet\u00e0 elastiche dei pannelli convenzionali pi\u00f9 sottili.<x id=\"gid_3\"><\/x>Galleggiabilit\u00e0 alta e neutra<x id=\"gid_4\"><\/x>I pannelli molto spessi situati nel torso garantiscono un alto livello di galleggiamento, per una maggiore sicurezza in acque libere. Inoltre, questa combinazione le conferisce una galleggiabilit\u00e0 neutra.<br \/>\nComfort<br \/>\nLa vestibilit\u00e0 aderente alle estremit\u00e0 e i confortevoli tessuti interni Thermal X e Thermal X2 rendono questa muta una delle pi\u00f9 comode della gamma Orca.   <\/p>\n","protected":false},"excerpt":{"rendered":"<p>La Zeal Thermal Wetsuit \u00e8 l&#8217;evoluzione della Openwater RS1 Thermal.<\/p>\n<p>La Zeal Thermal \u00e8 la muta pi\u00f9 confortevole dal punto di vista termico della gamma Orca. \u00c8 dotata di tecnologie per la massima ritenzione del calore, come la fodera interna Thermal X2 e il secondo strato di neoprene &#8220;batwing&#8221;, che impedisce all&#8217;acqua di entrare nella cerniera e nella zona del collo. I pannelli ad alto spessore garantiscono un&#8217;elevata galleggiabilit\u00e0 senza compromettere la flessibilit\u00e0, grazie all&#8217;utilizzo della tecnologia Yamamoto 40+ che garantisce la massima elasticit\u00e0, per una totale libert\u00e0 di movimento in acqua fredda.  <\/p>\n<p>Approfitta delle comodit\u00e0 dello zaino in rete e dei guanti in maglia, inclusi nell&#8217;acquisto della Zeal Thermal. Questi accessori ti permettono di riporre, trasportare e indossare il neoprene senza danneggiare il materiale. <\/p>\n","protected":false},"featured_media":56958,"template":"","meta":[],"product_brand":[],"product_cat":[272],"product_tag":[],"class_list":{"0":"post-56971","1":"product","2":"type-product","3":"status-publish","4":"has-post-thumbnail","6":"product_cat-openwater-it","7":"pa_brand-orca-it","8":"pa_taille-orca-f-s-157-167cm-54-61kg-it","9":"pa_taille-orca-f-m-165-177cm-60-67kg-it","10":"pa_taille-orca-f-l-170-185cm-66-74kg-it","11":"pa_taille-orca-f-xl-177-189cm-73-79kg-it","13":"first","14":"instock","15":"shipping-taxable","16":"purchasable","17":"product-type-variable"},"_links":{"self":[{"href":"https:\/\/espacetriathlon.com\/it\/wp-json\/wp\/v2\/product\/56971","targetHints":{"allow":["GET"]}}],"collection":[{"href":"https:\/\/espacetriathlon.com\/it\/wp-json\/wp\/v2\/product"}],"about":[{"href":"https:\/\/espacetriathlon.com\/it\/wp-json\/wp\/v2\/types\/product"}],"version-history":[{"count":0,"href":"https:\/\/espacetriathlon.com\/it\/wp-json\/wp\/v2\/product\/56971\/revisions"}],"wp:featuredmedia":[{"embeddable":true,"href":"https:\/\/espacetriathlon.com\/it\/wp-json\/wp\/v2\/media\/56958"}],"wp:attachment":[{"href":"https:\/\/espacetriathlon.com\/it\/wp-json\/wp\/v2\/media?parent=56971"}],"wp:term":[{"taxonomy":"product_brand","embeddable":true,"href":"https:\/\/espacetriathlon.com\/it\/wp-json\/wp\/v2\/product_brand?post=56971"},{"taxonomy":"product_cat","embeddable":true,"href":"https:\/\/espacetriathlon.com\/it\/wp-json\/wp\/v2\/product_cat?post=56971"},{"taxonomy":"product_tag","embeddable":true,"href":"https:\/\/espacetriathlon.com\/it\/wp-json\/wp\/v2\/product_tag?post=56971"}],"curies":[{"name":"wp","href":"https:\/\/api.w.org\/{rel}","templated":true}]}}