{"id":58405,"date":"2025-11-25T20:56:06","date_gmt":"2025-11-25T20:56:06","guid":{"rendered":"https:\/\/espacetriathlon.com\/?post_type=product&#038;p=58405"},"modified":"2025-11-25T21:00:31","modified_gmt":"2025-11-25T21:00:31","slug":"pro-2-0-tuta-tri-a-maniche-corte-uomo-coal","status":"publish","type":"product","link":"https:\/\/espacetriathlon.com\/it\/product\/pro-2-0-tuta-tri-a-maniche-corte-uomo-coal\/","title":{"rendered":"Pro 2.0 Short Sleeves Tri Suit Men Coal"},"content":{"rendered":"<p>Sublimazione resistente ai colori<\/p>\n<p>Cerniera completa<\/p>\n<p>Nylon spandex ad alte prestazioni<\/p>\n<p>Sbieco antisfregamento<\/p>\n<p>Con due tasche a rete<\/p>\n","protected":false},"excerpt":{"rendered":"<div class=\"product__description rte quick-add-hidden\">\n<p>La <strong>tuta da tri a manica corta Pro 2.0 da uomo<\/strong> \u00e8 costruita per garantire velocit\u00e0, comfort e resistenza. Dotata di un tessuto aerodinamico avanzato e di una vestibilit\u00e0 a seconda della pelle, migliora le prestazioni in tutte e tre le discipline. Il materiale traspirante e ad asciugatura rapida ti mantiene fresco, mentre il camoscio integrato ti sostiene durante la corsa. Con una cerniera a tutta lunghezza e tasche posteriori per gli oggetti essenziali della corsa, questa tuta \u00e8 il tuo massimo vantaggio per il giorno della gara.<\/p>\n<p>&nbsp;<\/p>\n<\/div>\n","protected":false},"featured_media":58433,"template":"","meta":[],"product_brand":[],"product_cat":[315],"product_tag":[],"class_list":{"0":"post-58405","1":"product","2":"type-product","3":"status-publish","4":"has-post-thumbnail","6":"product_cat-gear-it","7":"pa_brand-synergy","8":"pa_size-l-it","9":"pa_size-m-it","10":"pa_size-xl-it","11":"pa_size-xxl-it","13":"first","14":"instock","15":"shipping-taxable","16":"purchasable","17":"product-type-variable"},"_links":{"self":[{"href":"https:\/\/espacetriathlon.com\/it\/wp-json\/wp\/v2\/product\/58405","targetHints":{"allow":["GET"]}}],"collection":[{"href":"https:\/\/espacetriathlon.com\/it\/wp-json\/wp\/v2\/product"}],"about":[{"href":"https:\/\/espacetriathlon.com\/it\/wp-json\/wp\/v2\/types\/product"}],"version-history":[{"count":2,"href":"https:\/\/espacetriathlon.com\/it\/wp-json\/wp\/v2\/product\/58405\/revisions"}],"predecessor-version":[{"id":58440,"href":"https:\/\/espacetriathlon.com\/it\/wp-json\/wp\/v2\/product\/58405\/revisions\/58440"}],"wp:featuredmedia":[{"embeddable":true,"href":"https:\/\/espacetriathlon.com\/it\/wp-json\/wp\/v2\/media\/58433"}],"wp:attachment":[{"href":"https:\/\/espacetriathlon.com\/it\/wp-json\/wp\/v2\/media?parent=58405"}],"wp:term":[{"taxonomy":"product_brand","embeddable":true,"href":"https:\/\/espacetriathlon.com\/it\/wp-json\/wp\/v2\/product_brand?post=58405"},{"taxonomy":"product_cat","embeddable":true,"href":"https:\/\/espacetriathlon.com\/it\/wp-json\/wp\/v2\/product_cat?post=58405"},{"taxonomy":"product_tag","embeddable":true,"href":"https:\/\/espacetriathlon.com\/it\/wp-json\/wp\/v2\/product_tag?post=58405"}],"curies":[{"name":"wp","href":"https:\/\/api.w.org\/{rel}","templated":true}]}}