{"id":58541,"date":"2025-11-26T07:49:44","date_gmt":"2025-11-26T07:49:44","guid":{"rendered":"https:\/\/espacetriathlon.com\/product\/tuta-pro-a-maniche-corte-da-uomo-oro-rosso\/"},"modified":"2025-11-26T07:52:53","modified_gmt":"2025-11-26T07:52:53","slug":"tuta-pro-a-maniche-corte-da-uomo-oro-rosso","status":"publish","type":"product","link":"https:\/\/espacetriathlon.com\/it\/product\/tuta-pro-a-maniche-corte-da-uomo-oro-rosso\/","title":{"rendered":"Pro Short Sleeves Tri Suit Men Gold Red"},"content":{"rendered":"<p>Sublimazione resistente ai colori<\/p>\n<p>Sbieco antisfregamento<\/p>\n<p>Nylon spandex ad alte prestazioni<\/p>\n<p>Cuscino sottile e di qualit\u00e0 superiore<\/p>\n","protected":false},"excerpt":{"rendered":"<p>Questa tuta fa tutto e va ovunque. Respingendo l&#8217;acqua per le nuotate senza muta e ottimizzando le prestazioni traspiranti per il ciclismo e la corsa, \u00e8 una soluzione unica per i triatleti che vogliono ridurre al minimo i tempi di transizione. Eccellente sia per le gare che per gli allenamenti. La Synergy Tri-Suit \u00e8 il nostro modello pi\u00f9 venduto e per una buona ragione. La tuta \u00e8 realizzata con un nylon-spandex idrofobico noto per le sue qualit\u00e0 di comfort, traspirabilit\u00e0 e compressione.<\/p>\n","protected":false},"featured_media":58526,"template":"","meta":[],"product_brand":[],"product_cat":[315],"product_tag":[],"class_list":{"0":"post-58541","1":"product","2":"type-product","3":"status-publish","4":"has-post-thumbnail","6":"product_cat-gear-it","7":"pa_brand-synergy","8":"pa_size-l-it","9":"pa_size-m-it","10":"pa_size-xl-it","12":"first","13":"instock","14":"shipping-taxable","15":"purchasable","16":"product-type-variable"},"_links":{"self":[{"href":"https:\/\/espacetriathlon.com\/it\/wp-json\/wp\/v2\/product\/58541","targetHints":{"allow":["GET"]}}],"collection":[{"href":"https:\/\/espacetriathlon.com\/it\/wp-json\/wp\/v2\/product"}],"about":[{"href":"https:\/\/espacetriathlon.com\/it\/wp-json\/wp\/v2\/types\/product"}],"version-history":[{"count":1,"href":"https:\/\/espacetriathlon.com\/it\/wp-json\/wp\/v2\/product\/58541\/revisions"}],"predecessor-version":[{"id":58546,"href":"https:\/\/espacetriathlon.com\/it\/wp-json\/wp\/v2\/product\/58541\/revisions\/58546"}],"wp:featuredmedia":[{"embeddable":true,"href":"https:\/\/espacetriathlon.com\/it\/wp-json\/wp\/v2\/media\/58526"}],"wp:attachment":[{"href":"https:\/\/espacetriathlon.com\/it\/wp-json\/wp\/v2\/media?parent=58541"}],"wp:term":[{"taxonomy":"product_brand","embeddable":true,"href":"https:\/\/espacetriathlon.com\/it\/wp-json\/wp\/v2\/product_brand?post=58541"},{"taxonomy":"product_cat","embeddable":true,"href":"https:\/\/espacetriathlon.com\/it\/wp-json\/wp\/v2\/product_cat?post=58541"},{"taxonomy":"product_tag","embeddable":true,"href":"https:\/\/espacetriathlon.com\/it\/wp-json\/wp\/v2\/product_tag?post=58541"}],"curies":[{"name":"wp","href":"https:\/\/api.w.org\/{rel}","templated":true}]}}