{"id":58659,"date":"2025-11-26T12:18:18","date_gmt":"2025-11-26T12:18:18","guid":{"rendered":"https:\/\/espacetriathlon.com\/product\/tuta-elite-a-maniche-corte-da-uomo-blu-cobalto\/"},"modified":"2025-11-26T12:20:30","modified_gmt":"2025-11-26T12:20:30","slug":"tuta-elite-a-maniche-corte-da-uomo-blu-cobalto","status":"publish","type":"product","link":"https:\/\/espacetriathlon.com\/it\/product\/tuta-elite-a-maniche-corte-da-uomo-blu-cobalto\/","title":{"rendered":"Elite Short Sleeves Tri Suit Men Cobalt Blue"},"content":{"rendered":"<p>Pannello a rete<\/p>\n<p>Tasche a rete con tasche laterali aggiuntive<\/p>\n<p>Imbottitura di camoscio ultraleggera ad asciugatura rapida<\/p>\n","protected":false},"excerpt":{"rendered":"<p>Questa tuta fa tutto e va ovunque. Respingendo l&#8217;acqua per le nuotate senza muta e ottimizzando le prestazioni traspiranti per il ciclismo e la corsa, \u00e8 una soluzione unica per i triatleti che vogliono ridurre al minimo i tempi di transizione. Eccellente sia per le gare che per gli allenamenti. La Synergy Elite S\/S Tri-Suit \u00e8 il nostro modello pi\u00f9 venduto e per una buona ragione. La tuta \u00e8 realizzata con un nylon-spandex idrofobico noto per le sue qualit\u00e0 di comfort, traspirabilit\u00e0 e compressione. Il fondello in pile anti microbico rende questo capo la scelta migliore per una gara di lunga distanza o per uno sprint, dove il tempo trascorso in transizione \u00e8 tutto!<\/p>\n","protected":false},"featured_media":58648,"template":"","meta":[],"product_brand":[],"product_cat":[315],"product_tag":[],"class_list":{"0":"post-58659","1":"product","2":"type-product","3":"status-publish","4":"has-post-thumbnail","6":"product_cat-gear-it","7":"pa_brand-synergy","8":"pa_size-l-it","9":"pa_size-m-it","10":"pa_size-xl-it","12":"first","13":"instock","14":"shipping-taxable","15":"purchasable","16":"product-type-variable"},"_links":{"self":[{"href":"https:\/\/espacetriathlon.com\/it\/wp-json\/wp\/v2\/product\/58659","targetHints":{"allow":["GET"]}}],"collection":[{"href":"https:\/\/espacetriathlon.com\/it\/wp-json\/wp\/v2\/product"}],"about":[{"href":"https:\/\/espacetriathlon.com\/it\/wp-json\/wp\/v2\/types\/product"}],"version-history":[{"count":2,"href":"https:\/\/espacetriathlon.com\/it\/wp-json\/wp\/v2\/product\/58659\/revisions"}],"predecessor-version":[{"id":58665,"href":"https:\/\/espacetriathlon.com\/it\/wp-json\/wp\/v2\/product\/58659\/revisions\/58665"}],"wp:featuredmedia":[{"embeddable":true,"href":"https:\/\/espacetriathlon.com\/it\/wp-json\/wp\/v2\/media\/58648"}],"wp:attachment":[{"href":"https:\/\/espacetriathlon.com\/it\/wp-json\/wp\/v2\/media?parent=58659"}],"wp:term":[{"taxonomy":"product_brand","embeddable":true,"href":"https:\/\/espacetriathlon.com\/it\/wp-json\/wp\/v2\/product_brand?post=58659"},{"taxonomy":"product_cat","embeddable":true,"href":"https:\/\/espacetriathlon.com\/it\/wp-json\/wp\/v2\/product_cat?post=58659"},{"taxonomy":"product_tag","embeddable":true,"href":"https:\/\/espacetriathlon.com\/it\/wp-json\/wp\/v2\/product_tag?post=58659"}],"curies":[{"name":"wp","href":"https:\/\/api.w.org\/{rel}","templated":true}]}}