{"id":59160,"date":"2025-11-29T12:47:40","date_gmt":"2025-11-29T12:47:40","guid":{"rendered":"https:\/\/espacetriathlon.com\/product\/swimskin-shorty-women\/"},"modified":"2025-11-29T12:47:40","modified_gmt":"2025-11-29T12:47:40","slug":"swimskin-shorty-women","status":"publish","type":"product","link":"https:\/\/espacetriathlon.com\/it\/product\/swimskin-shorty-women\/","title":{"rendered":"Swimskin Shorty women"},"content":{"rendered":"","protected":false},"excerpt":{"rendered":"<p>Questa muta in neoprene ti permette di praticare le tue attivit\u00e0 all&#8217;aperto con il comfort termico e solare del neoprene. Pu\u00f2 essere utilizzata per diverse attivit\u00e0, come surf, kayak, stand-up paddleboarding, nuoto in acque libere, snorkeling, ecc. <\/p>\n","protected":false},"featured_media":59152,"template":"","meta":[],"product_brand":[],"product_cat":[272],"product_tag":[],"class_list":{"0":"post-59160","1":"product","2":"type-product","3":"status-publish","4":"has-post-thumbnail","6":"product_cat-openwater-it","7":"pa_brand-orca-it","8":"pa_taille-orca-f-s-157-167cm-54-61kg-it","9":"pa_taille-orca-f-m-165-177cm-60-67kg-it","10":"pa_taille-orca-f-l-170-185cm-66-74kg-it","11":"pa_taille-orca-f-xl-177-189cm-73-79kg-it","13":"first","14":"instock","15":"shipping-taxable","16":"purchasable","17":"product-type-variable"},"_links":{"self":[{"href":"https:\/\/espacetriathlon.com\/it\/wp-json\/wp\/v2\/product\/59160","targetHints":{"allow":["GET"]}}],"collection":[{"href":"https:\/\/espacetriathlon.com\/it\/wp-json\/wp\/v2\/product"}],"about":[{"href":"https:\/\/espacetriathlon.com\/it\/wp-json\/wp\/v2\/types\/product"}],"version-history":[{"count":0,"href":"https:\/\/espacetriathlon.com\/it\/wp-json\/wp\/v2\/product\/59160\/revisions"}],"wp:featuredmedia":[{"embeddable":true,"href":"https:\/\/espacetriathlon.com\/it\/wp-json\/wp\/v2\/media\/59152"}],"wp:attachment":[{"href":"https:\/\/espacetriathlon.com\/it\/wp-json\/wp\/v2\/media?parent=59160"}],"wp:term":[{"taxonomy":"product_brand","embeddable":true,"href":"https:\/\/espacetriathlon.com\/it\/wp-json\/wp\/v2\/product_brand?post=59160"},{"taxonomy":"product_cat","embeddable":true,"href":"https:\/\/espacetriathlon.com\/it\/wp-json\/wp\/v2\/product_cat?post=59160"},{"taxonomy":"product_tag","embeddable":true,"href":"https:\/\/espacetriathlon.com\/it\/wp-json\/wp\/v2\/product_tag?post=59160"}],"curies":[{"name":"wp","href":"https:\/\/api.w.org\/{rel}","templated":true}]}}