{"id":60185,"date":"2026-01-07T14:20:10","date_gmt":"2026-01-07T14:20:10","guid":{"rendered":"https:\/\/espacetriathlon.com\/product\/calzini-in-neoprene-3\/"},"modified":"2026-01-07T14:20:10","modified_gmt":"2026-01-07T14:20:10","slug":"calzini-in-neoprene-3","status":"publish","type":"product","link":"https:\/\/espacetriathlon.com\/it\/product\/calzini-in-neoprene-3\/","title":{"rendered":"Calzini in neoprene 3"},"content":{"rendered":"<div class=\"section-module-contents_container-5Da pb-sm pt-0\">\n<div class=\"productInformation-textBlock-OOB\">\n<ul>\n<li>Neoprene doppio elastico da 3 mm<\/li>\n<li>Breathability<\/li>\n<li>Cuciture esterne incollate<\/li>\n<li>Acqua aperta adatta<\/li>\n<\/ul>\n<\/div>\n<\/div>\n","protected":false},"excerpt":{"rendered":"<p>Queste calze Zoggs Neo 3 sono perfette per gli atleti multisport, soprattutto quando si tratta di nuotare in acque libere. Sono realizzate in neoprene doppio elasticizzato da 3 mm che offre un ottimo isolamento termico nelle acque fredde. Grazie a questo materiale, hanno una durata maggiore, pur garantendo traspirabilit\u00e0 e libert\u00e0 di movimento. Il neoprene da 3 mm \u00e8 estremamente robusto e le cuciture esterne sono incollate.   <\/p>\n<p>Zoggs<\/p>\n","protected":false},"featured_media":60167,"template":"","meta":[],"product_brand":[],"product_cat":[272],"product_tag":[],"class_list":{"0":"post-60185","1":"product","2":"type-product","3":"status-publish","4":"has-post-thumbnail","6":"product_cat-openwater-it","7":"pa_brand-zoggs-it-2","8":"pa_socks-l-eu42-5","9":"pa_socks-m-eu41","10":"pa_socks-s-eu40","11":"pa_socks-xl-eu44","12":"pa_socks-xs-eu38","13":"pa_socks-xxs-eu37","15":"first","16":"instock","17":"shipping-taxable","18":"purchasable","19":"product-type-variable"},"_links":{"self":[{"href":"https:\/\/espacetriathlon.com\/it\/wp-json\/wp\/v2\/product\/60185","targetHints":{"allow":["GET"]}}],"collection":[{"href":"https:\/\/espacetriathlon.com\/it\/wp-json\/wp\/v2\/product"}],"about":[{"href":"https:\/\/espacetriathlon.com\/it\/wp-json\/wp\/v2\/types\/product"}],"version-history":[{"count":0,"href":"https:\/\/espacetriathlon.com\/it\/wp-json\/wp\/v2\/product\/60185\/revisions"}],"wp:featuredmedia":[{"embeddable":true,"href":"https:\/\/espacetriathlon.com\/it\/wp-json\/wp\/v2\/media\/60167"}],"wp:attachment":[{"href":"https:\/\/espacetriathlon.com\/it\/wp-json\/wp\/v2\/media?parent=60185"}],"wp:term":[{"taxonomy":"product_brand","embeddable":true,"href":"https:\/\/espacetriathlon.com\/it\/wp-json\/wp\/v2\/product_brand?post=60185"},{"taxonomy":"product_cat","embeddable":true,"href":"https:\/\/espacetriathlon.com\/it\/wp-json\/wp\/v2\/product_cat?post=60185"},{"taxonomy":"product_tag","embeddable":true,"href":"https:\/\/espacetriathlon.com\/it\/wp-json\/wp\/v2\/product_tag?post=60185"}],"curies":[{"name":"wp","href":"https:\/\/api.w.org\/{rel}","templated":true}]}}