{"id":60523,"date":"2026-02-09T21:26:19","date_gmt":"2026-02-09T21:26:19","guid":{"rendered":"https:\/\/espacetriathlon.com\/product\/swimskin-synskin-2-uomo\/"},"modified":"2026-02-09T21:26:19","modified_gmt":"2026-02-09T21:26:19","slug":"swimskin-synskin-2-uomo","status":"publish","type":"product","link":"https:\/\/espacetriathlon.com\/it\/product\/swimskin-synskin-2-uomo\/","title":{"rendered":"Swimskin SynSkin 2 Uomo"},"content":{"rendered":"<ul>\n<li><strong>Tessuto avanzato AquaPhobic:<\/strong> Il nostro tessuto di altissima qualit\u00e0 respinge attivamente l&#8217;acqua, evitando che la tua tuta si impregni e si appesantisca. Questo tessuto leader del settore \u00e8 ora <strong>completamente privo di PFA<\/strong>, per garantire prestazioni tanto pulite quanto veloci. <\/li>\n<li><strong>Cuciture saldate a ultrasuoni:<\/strong> Dimentica le cuciture tradizionali. Le nostre cuciture sono saldate per ottenere una superficie incredibilmente bassa, senza cuciture e senza sfregamenti. Questa struttura si muove con il tuo corpo e presenta una resistenza minima all&#8217;acqua.  <\/li>\n<li><strong>Compressione muscolare strategica:<\/strong> Il design aderente di SynSkin2 riduce le oscillazioni muscolari, facendoti risparmiare energia preziosa. Meno vibrazioni significano meno fatica e pi\u00f9 potenza trasferita direttamente allo slancio in avanti. <\/li>\n<\/ul>\n","protected":false},"excerpt":{"rendered":"<p>Quando ogni secondo \u00e8 importante per raggiungere il T1, il SynSkin2 offre il vantaggio competitivo di cui hai bisogno.  <span class=\"citation-12\">Nata dall&#8217;era dei regolamenti tessili, questa tuta \u00e8 stata meticolosamente progettata per ridurre la resistenza, stabilizzare i muscoli e liberare il tuo vero potenziale in acqua.<\/span><\/p>\n<p>Non fidarti solo della nostra parola. In un test controllato, il 9 volte campione del mondo di Xterra Josiah Middaugh ha riscontrato una notevole <b>velocit\u00e0 di 4 secondi per 100 metri<\/b> indossando SynSkin2. \u00c8 il vantaggio prestazionale di cui si fidano gli atleti pi\u00f9 veloci del mondo per le loro gare pi\u00f9 importanti.  <\/p>\n<p>Sinergia<\/p>\n<p>&nbsp;<\/p>\n<p>&nbsp;<\/p>\n","protected":false},"featured_media":60512,"template":"","meta":[],"product_brand":[],"product_cat":[315],"product_tag":[],"class_list":{"0":"post-60523","1":"product","2":"type-product","3":"status-publish","4":"has-post-thumbnail","6":"product_cat-gear-it","7":"pa_brand-synergy","8":"pa_size-l-it","9":"pa_size-m-it","10":"pa_size-xl-it","11":"pa_size-xxl-it","13":"first","14":"instock","15":"shipping-taxable","16":"purchasable","17":"product-type-variable"},"_links":{"self":[{"href":"https:\/\/espacetriathlon.com\/it\/wp-json\/wp\/v2\/product\/60523","targetHints":{"allow":["GET"]}}],"collection":[{"href":"https:\/\/espacetriathlon.com\/it\/wp-json\/wp\/v2\/product"}],"about":[{"href":"https:\/\/espacetriathlon.com\/it\/wp-json\/wp\/v2\/types\/product"}],"version-history":[{"count":0,"href":"https:\/\/espacetriathlon.com\/it\/wp-json\/wp\/v2\/product\/60523\/revisions"}],"wp:featuredmedia":[{"embeddable":true,"href":"https:\/\/espacetriathlon.com\/it\/wp-json\/wp\/v2\/media\/60512"}],"wp:attachment":[{"href":"https:\/\/espacetriathlon.com\/it\/wp-json\/wp\/v2\/media?parent=60523"}],"wp:term":[{"taxonomy":"product_brand","embeddable":true,"href":"https:\/\/espacetriathlon.com\/it\/wp-json\/wp\/v2\/product_brand?post=60523"},{"taxonomy":"product_cat","embeddable":true,"href":"https:\/\/espacetriathlon.com\/it\/wp-json\/wp\/v2\/product_cat?post=60523"},{"taxonomy":"product_tag","embeddable":true,"href":"https:\/\/espacetriathlon.com\/it\/wp-json\/wp\/v2\/product_tag?post=60523"}],"curies":[{"name":"wp","href":"https:\/\/api.w.org\/{rel}","templated":true}]}}