{"id":60610,"date":"2026-02-11T14:07:46","date_gmt":"2026-02-11T14:07:46","guid":{"rendered":"https:\/\/espacetriathlon.com\/product\/pedana-in-schiuma\/"},"modified":"2026-02-11T14:07:46","modified_gmt":"2026-02-11T14:07:46","slug":"pedana-in-schiuma","status":"publish","type":"product","link":"https:\/\/espacetriathlon.com\/it\/product\/pedana-in-schiuma\/","title":{"rendered":"Pedana in schiuma"},"content":{"rendered":"<div id=\"product-details-features\" class=\"product-details-information-tab-content-container tb-container-col collapse in\" data-type=\"information-content-text\">\n<div class=\"product-details-information-tab-content-container-main\">\n<div class=\"fab-left\">\n<div class=\"col-sm-12\">\n<ul>\n<li><b>Allenamento del calcio in piscina:<\/b> immobilizza le braccia per sviluppare i muscoli delle gambe e concentrati sul calcio.<\/li>\n<li><b>MATERIALE COMODO: La<\/b> morbida schiuma EVA non irrita la pelle e rimane resistente.<\/li>\n<li><b>DUE TAGLIE:<\/b> La taglia junior \u00e8 progettata per ridurre lo stress sulle spalle ed \u00e8 ideale per i giovani e i nuotatori pi\u00f9 piccoli.<\/li>\n<li><b>FORMA SEMPLICE:<\/b> Si muove facilmente nell&#8217;acqua ed \u00e8 facile da tenere in mano<\/li>\n<li><b>SCHEDA GALLEGGIANTE:<\/b> mantiene le braccia e la parte superiore del corpo in acqua, cos\u00ec puoi concentrarti sulle gambe.<\/li>\n<\/ul>\n<\/div>\n<\/div>\n<\/div>\n<\/div>\n","protected":false},"excerpt":{"rendered":"<p>La pedana in schiuma immobilizza le braccia per aiutare a sviluppare la forza delle gambe. Disponibile nelle misure Sr. e Jr.; la misura Jr. \u00e8 progettata per ridurre lo stress sulle spalle ed \u00e8 ideale per i giovani e i nuotatori pi\u00f9 piccoli. <\/p>\n","protected":false},"featured_media":60601,"template":"","meta":[],"product_brand":[],"product_cat":[1735],"product_tag":[],"class_list":{"0":"post-60610","1":"product","2":"type-product","3":"status-publish","4":"has-post-thumbnail","6":"product_cat-training-aid-it","7":"pa_age-junior-it","8":"pa_age-senior-it","9":"pa_brand-finis-it","11":"first","12":"instock","13":"shipping-taxable","14":"purchasable","15":"product-type-variable"},"_links":{"self":[{"href":"https:\/\/espacetriathlon.com\/it\/wp-json\/wp\/v2\/product\/60610","targetHints":{"allow":["GET"]}}],"collection":[{"href":"https:\/\/espacetriathlon.com\/it\/wp-json\/wp\/v2\/product"}],"about":[{"href":"https:\/\/espacetriathlon.com\/it\/wp-json\/wp\/v2\/types\/product"}],"version-history":[{"count":0,"href":"https:\/\/espacetriathlon.com\/it\/wp-json\/wp\/v2\/product\/60610\/revisions"}],"wp:featuredmedia":[{"embeddable":true,"href":"https:\/\/espacetriathlon.com\/it\/wp-json\/wp\/v2\/media\/60601"}],"wp:attachment":[{"href":"https:\/\/espacetriathlon.com\/it\/wp-json\/wp\/v2\/media?parent=60610"}],"wp:term":[{"taxonomy":"product_brand","embeddable":true,"href":"https:\/\/espacetriathlon.com\/it\/wp-json\/wp\/v2\/product_brand?post=60610"},{"taxonomy":"product_cat","embeddable":true,"href":"https:\/\/espacetriathlon.com\/it\/wp-json\/wp\/v2\/product_cat?post=60610"},{"taxonomy":"product_tag","embeddable":true,"href":"https:\/\/espacetriathlon.com\/it\/wp-json\/wp\/v2\/product_tag?post=60610"}],"curies":[{"name":"wp","href":"https:\/\/api.w.org\/{rel}","templated":true}]}}