{"id":60669,"date":"2026-02-12T14:10:59","date_gmt":"2026-02-12T14:10:59","guid":{"rendered":"https:\/\/espacetriathlon.com\/product\/hyperion-sleeveless-uomo\/"},"modified":"2026-02-12T14:15:16","modified_gmt":"2026-02-12T14:15:16","slug":"hyperion-sleeveless-uomo","status":"publish","type":"product","link":"https:\/\/espacetriathlon.com\/it\/product\/hyperion-sleeveless-uomo\/","title":{"rendered":"Hyperion Sleeveless Uomo"},"content":{"rendered":"","protected":false},"excerpt":{"rendered":"<p>La muta Synergy Hyperion Elite \u00e8 una muta senza maniche ad alte prestazioni che ti offre flessibilit\u00e0, galleggiamento e velocit\u00e0 a un prezzo di base che rappresenta un valore eccezionale. Progettata e costruita per garantire un equilibrio ottimale tra galleggiamento e flessibilit\u00e0, \u00e8 perfetta per tutti i livelli di abilit\u00e0, sia per le gare di triathlon che per il nuoto ricreativo in acque libere. Il design senza maniche \u00e8 perfetto per nuotare mantenendo il galleggiamento e il calore.  <\/p>\n","protected":false},"featured_media":60656,"template":"","meta":[],"product_brand":[],"product_cat":[308],"product_tag":[],"class_list":{"0":"post-60669","1":"product","2":"type-product","3":"status-publish","4":"has-post-thumbnail","6":"product_cat-wetsuit-neopren-it","7":"pa_brand-synergy","8":"pa_synergy-men-m2-175-187-cm-75-84-kg","9":"pa_synergy-men-m3-175-190-cm-81-88-kg","10":"pa_synergy-men-l1-175-193-cm-88-100-kg","11":"pa_synergy-men-l2-180-196-cm-100-113-kg","13":"first","14":"instock","15":"shipping-taxable","16":"purchasable","17":"product-type-variable"},"_links":{"self":[{"href":"https:\/\/espacetriathlon.com\/it\/wp-json\/wp\/v2\/product\/60669","targetHints":{"allow":["GET"]}}],"collection":[{"href":"https:\/\/espacetriathlon.com\/it\/wp-json\/wp\/v2\/product"}],"about":[{"href":"https:\/\/espacetriathlon.com\/it\/wp-json\/wp\/v2\/types\/product"}],"version-history":[{"count":1,"href":"https:\/\/espacetriathlon.com\/it\/wp-json\/wp\/v2\/product\/60669\/revisions"}],"predecessor-version":[{"id":60670,"href":"https:\/\/espacetriathlon.com\/it\/wp-json\/wp\/v2\/product\/60669\/revisions\/60670"}],"wp:featuredmedia":[{"embeddable":true,"href":"https:\/\/espacetriathlon.com\/it\/wp-json\/wp\/v2\/media\/60656"}],"wp:attachment":[{"href":"https:\/\/espacetriathlon.com\/it\/wp-json\/wp\/v2\/media?parent=60669"}],"wp:term":[{"taxonomy":"product_brand","embeddable":true,"href":"https:\/\/espacetriathlon.com\/it\/wp-json\/wp\/v2\/product_brand?post=60669"},{"taxonomy":"product_cat","embeddable":true,"href":"https:\/\/espacetriathlon.com\/it\/wp-json\/wp\/v2\/product_cat?post=60669"},{"taxonomy":"product_tag","embeddable":true,"href":"https:\/\/espacetriathlon.com\/it\/wp-json\/wp\/v2\/product_tag?post=60669"}],"curies":[{"name":"wp","href":"https:\/\/api.w.org\/{rel}","templated":true}]}}