{"id":60781,"date":"2026-02-12T14:56:07","date_gmt":"2026-02-12T14:56:07","guid":{"rendered":"https:\/\/espacetriathlon.com\/product\/endorphin-fullsleeve-donna\/"},"modified":"2026-02-12T14:56:07","modified_gmt":"2026-02-12T14:56:07","slug":"endorphin-fullsleeve-donna","status":"publish","type":"product","link":"https:\/\/espacetriathlon.com\/it\/product\/endorphin-fullsleeve-donna\/","title":{"rendered":"Endorphin Fullsleeve donna"},"content":{"rendered":"","protected":false},"excerpt":{"rendered":"<p>La muta da triathlon Synergy Endorphin Thermal Fullsleeve \u00e8 una muta a manica intera ad alte prestazioni che offre flessibilit\u00e0, galleggiamento e velocit\u00e0 a un prezzo eccezionale. Progettata e costruita per garantire un equilibrio ottimale tra galleggiamento e flessibilit\u00e0, \u00e8 perfetta per tutti i livelli di abilit\u00e0, sia per le gare di triathlon che per il nuoto ricreativo in acque libere. <\/p>\n","protected":false},"featured_media":60774,"template":"","meta":[],"product_brand":[],"product_cat":[308],"product_tag":[],"class_list":{"0":"post-60781","1":"product","2":"type-product","3":"status-publish","4":"has-post-thumbnail","6":"product_cat-wetsuit-neopren-it","7":"pa_brand-synergy","8":"pa_synergy-women-p3-157-162-cm-52-59-kg","9":"pa_synergy-women-w1-160-175-cm-57-66-kg","10":"pa_synergy-women-w2-167-178-cm-64-73-kg","12":"first","13":"instock","14":"shipping-taxable","15":"purchasable","16":"product-type-variable"},"_links":{"self":[{"href":"https:\/\/espacetriathlon.com\/it\/wp-json\/wp\/v2\/product\/60781","targetHints":{"allow":["GET"]}}],"collection":[{"href":"https:\/\/espacetriathlon.com\/it\/wp-json\/wp\/v2\/product"}],"about":[{"href":"https:\/\/espacetriathlon.com\/it\/wp-json\/wp\/v2\/types\/product"}],"version-history":[{"count":0,"href":"https:\/\/espacetriathlon.com\/it\/wp-json\/wp\/v2\/product\/60781\/revisions"}],"wp:featuredmedia":[{"embeddable":true,"href":"https:\/\/espacetriathlon.com\/it\/wp-json\/wp\/v2\/media\/60774"}],"wp:attachment":[{"href":"https:\/\/espacetriathlon.com\/it\/wp-json\/wp\/v2\/media?parent=60781"}],"wp:term":[{"taxonomy":"product_brand","embeddable":true,"href":"https:\/\/espacetriathlon.com\/it\/wp-json\/wp\/v2\/product_brand?post=60781"},{"taxonomy":"product_cat","embeddable":true,"href":"https:\/\/espacetriathlon.com\/it\/wp-json\/wp\/v2\/product_cat?post=60781"},{"taxonomy":"product_tag","embeddable":true,"href":"https:\/\/espacetriathlon.com\/it\/wp-json\/wp\/v2\/product_tag?post=60781"}],"curies":[{"name":"wp","href":"https:\/\/api.w.org\/{rel}","templated":true}]}}