{"id":60824,"date":"2026-02-12T15:13:55","date_gmt":"2026-02-12T15:13:55","guid":{"rendered":"https:\/\/espacetriathlon.com\/product\/endorphin-fullsleeve-uomo\/"},"modified":"2026-02-12T15:13:55","modified_gmt":"2026-02-12T15:13:55","slug":"endorphin-fullsleeve-uomo","status":"publish","type":"product","link":"https:\/\/espacetriathlon.com\/it\/product\/endorphin-fullsleeve-uomo\/","title":{"rendered":"Endorphin Fullsleeve Uomo"},"content":{"rendered":"","protected":false},"excerpt":{"rendered":"<p>La muta da triathlon Synergy Endorphin Thermal Fullsleeve \u00e8 una muta a manica intera ad alte prestazioni che offre flessibilit\u00e0, galleggiamento e velocit\u00e0 a un prezzo eccezionale. Progettata e costruita per garantire un equilibrio ottimale tra galleggiamento e flessibilit\u00e0, \u00e8 perfetta per tutti i livelli di abilit\u00e0, sia per le gare di triathlon che per il nuoto ricreativo in acque libere. <\/p>\n","protected":false},"featured_media":60807,"template":"","meta":[],"product_brand":[],"product_cat":[308],"product_tag":[],"class_list":{"0":"post-60824","1":"product","2":"type-product","3":"status-publish","4":"has-post-thumbnail","6":"product_cat-wetsuit-neopren-it","7":"pa_brand-synergy","8":"pa_synergy-men-m1-173-185-cm-70-77-kg","9":"pa_synergy-men-m2-175-187-cm-75-84-kg","10":"pa_synergy-men-m3-175-190-cm-81-88-kg","11":"pa_synergy-men-l1-175-193-cm-88-100-kg","13":"first","14":"instock","15":"shipping-taxable","16":"purchasable","17":"product-type-variable"},"_links":{"self":[{"href":"https:\/\/espacetriathlon.com\/it\/wp-json\/wp\/v2\/product\/60824","targetHints":{"allow":["GET"]}}],"collection":[{"href":"https:\/\/espacetriathlon.com\/it\/wp-json\/wp\/v2\/product"}],"about":[{"href":"https:\/\/espacetriathlon.com\/it\/wp-json\/wp\/v2\/types\/product"}],"version-history":[{"count":0,"href":"https:\/\/espacetriathlon.com\/it\/wp-json\/wp\/v2\/product\/60824\/revisions"}],"wp:featuredmedia":[{"embeddable":true,"href":"https:\/\/espacetriathlon.com\/it\/wp-json\/wp\/v2\/media\/60807"}],"wp:attachment":[{"href":"https:\/\/espacetriathlon.com\/it\/wp-json\/wp\/v2\/media?parent=60824"}],"wp:term":[{"taxonomy":"product_brand","embeddable":true,"href":"https:\/\/espacetriathlon.com\/it\/wp-json\/wp\/v2\/product_brand?post=60824"},{"taxonomy":"product_cat","embeddable":true,"href":"https:\/\/espacetriathlon.com\/it\/wp-json\/wp\/v2\/product_cat?post=60824"},{"taxonomy":"product_tag","embeddable":true,"href":"https:\/\/espacetriathlon.com\/it\/wp-json\/wp\/v2\/product_tag?post=60824"}],"curies":[{"name":"wp","href":"https:\/\/api.w.org\/{rel}","templated":true}]}}