{"id":60857,"date":"2026-02-12T15:19:38","date_gmt":"2026-02-12T15:19:38","guid":{"rendered":"https:\/\/espacetriathlon.com\/product\/adrenaline-fullsleeve-donna\/"},"modified":"2026-02-12T15:19:38","modified_gmt":"2026-02-12T15:19:38","slug":"adrenaline-fullsleeve-donna","status":"publish","type":"product","link":"https:\/\/espacetriathlon.com\/it\/product\/adrenaline-fullsleeve-donna\/","title":{"rendered":"Adrenaline Fullsleeve Donna"},"content":{"rendered":"","protected":false},"excerpt":{"rendered":"<p>Questa muta \u00e8 stata originariamente sviluppata per la campionessa mondiale Emma Cummerford. Emma aveva bisogno di una muta incredibilmente flessibile perch\u00e9 si era infortunata alla spalla. L&#8217;Adrenaline \u00e8 estremamente flessibile e ha un equilibrio ottimale. Questo modello \u00e8 considerato una delle migliori mute sul mercato perch\u00e9 ha tutte le caratteristiche della Synergy Fullsleeve Hybrid senza il neoprene Aerodome!   <\/p>\n","protected":false},"featured_media":60848,"template":"","meta":[],"product_brand":[],"product_cat":[308],"product_tag":[],"class_list":{"0":"post-60857","1":"product","2":"type-product","3":"status-publish","4":"has-post-thumbnail","6":"product_cat-wetsuit-neopren-it","7":"pa_brand-synergy","8":"pa_synergy-women-p3-157-162-cm-52-59-kg","9":"pa_synergy-women-w1-160-175-cm-57-66-kg","10":"pa_synergy-women-w2-167-178-cm-64-73-kg","12":"first","13":"instock","14":"shipping-taxable","15":"purchasable","16":"product-type-variable"},"_links":{"self":[{"href":"https:\/\/espacetriathlon.com\/it\/wp-json\/wp\/v2\/product\/60857","targetHints":{"allow":["GET"]}}],"collection":[{"href":"https:\/\/espacetriathlon.com\/it\/wp-json\/wp\/v2\/product"}],"about":[{"href":"https:\/\/espacetriathlon.com\/it\/wp-json\/wp\/v2\/types\/product"}],"version-history":[{"count":0,"href":"https:\/\/espacetriathlon.com\/it\/wp-json\/wp\/v2\/product\/60857\/revisions"}],"wp:featuredmedia":[{"embeddable":true,"href":"https:\/\/espacetriathlon.com\/it\/wp-json\/wp\/v2\/media\/60848"}],"wp:attachment":[{"href":"https:\/\/espacetriathlon.com\/it\/wp-json\/wp\/v2\/media?parent=60857"}],"wp:term":[{"taxonomy":"product_brand","embeddable":true,"href":"https:\/\/espacetriathlon.com\/it\/wp-json\/wp\/v2\/product_brand?post=60857"},{"taxonomy":"product_cat","embeddable":true,"href":"https:\/\/espacetriathlon.com\/it\/wp-json\/wp\/v2\/product_cat?post=60857"},{"taxonomy":"product_tag","embeddable":true,"href":"https:\/\/espacetriathlon.com\/it\/wp-json\/wp\/v2\/product_tag?post=60857"}],"curies":[{"name":"wp","href":"https:\/\/api.w.org\/{rel}","templated":true}]}}