{"id":60894,"date":"2026-02-12T15:48:30","date_gmt":"2026-02-12T15:48:30","guid":{"rendered":"https:\/\/espacetriathlon.com\/product\/adrenaline-fullsleeve-uomo\/"},"modified":"2026-02-12T15:48:30","modified_gmt":"2026-02-12T15:48:30","slug":"adrenaline-fullsleeve-uomo","status":"publish","type":"product","link":"https:\/\/espacetriathlon.com\/it\/product\/adrenaline-fullsleeve-uomo\/","title":{"rendered":"Adrenaline Fullsleeve Uomo"},"content":{"rendered":"","protected":false},"excerpt":{"rendered":"<p>Questa muta da tri \u00e8 stata originariamente sviluppata per la campionessa mondiale Emma Comerford. Emma aveva bisogno di una muta incredibilmente flessibile perch\u00e9 si era infortunata alla spalla. L&#8217;Adrenaline \u00e8 estremamente flessibile e ha un equilibrio ottimale. Questo modello \u00e8 considerato una delle migliori mute da triathlon sul mercato perch\u00e9 ha tutte le caratteristiche della Synergy Fullsleeve Hybrid senza il neoprene Aerodome!   <\/p>\n","protected":false},"featured_media":60885,"template":"","meta":[],"product_brand":[],"product_cat":[308],"product_tag":[],"class_list":{"0":"post-60894","1":"product","2":"type-product","3":"status-publish","4":"has-post-thumbnail","6":"product_cat-wetsuit-neopren-it","7":"pa_brand-synergy","8":"pa_synergy-men-m1-173-185-cm-70-77-kg","9":"pa_synergy-men-m2-175-187-cm-75-84-kg","10":"pa_synergy-men-m3-175-190-cm-81-88-kg","11":"pa_synergy-men-l1-175-193-cm-88-100-kg","13":"first","14":"instock","15":"shipping-taxable","16":"purchasable","17":"product-type-variable"},"_links":{"self":[{"href":"https:\/\/espacetriathlon.com\/it\/wp-json\/wp\/v2\/product\/60894","targetHints":{"allow":["GET"]}}],"collection":[{"href":"https:\/\/espacetriathlon.com\/it\/wp-json\/wp\/v2\/product"}],"about":[{"href":"https:\/\/espacetriathlon.com\/it\/wp-json\/wp\/v2\/types\/product"}],"version-history":[{"count":0,"href":"https:\/\/espacetriathlon.com\/it\/wp-json\/wp\/v2\/product\/60894\/revisions"}],"wp:featuredmedia":[{"embeddable":true,"href":"https:\/\/espacetriathlon.com\/it\/wp-json\/wp\/v2\/media\/60885"}],"wp:attachment":[{"href":"https:\/\/espacetriathlon.com\/it\/wp-json\/wp\/v2\/media?parent=60894"}],"wp:term":[{"taxonomy":"product_brand","embeddable":true,"href":"https:\/\/espacetriathlon.com\/it\/wp-json\/wp\/v2\/product_brand?post=60894"},{"taxonomy":"product_cat","embeddable":true,"href":"https:\/\/espacetriathlon.com\/it\/wp-json\/wp\/v2\/product_cat?post=60894"},{"taxonomy":"product_tag","embeddable":true,"href":"https:\/\/espacetriathlon.com\/it\/wp-json\/wp\/v2\/product_tag?post=60894"}],"curies":[{"name":"wp","href":"https:\/\/api.w.org\/{rel}","templated":true}]}}