{"id":61700,"date":"2026-02-23T09:52:56","date_gmt":"2026-02-23T09:52:56","guid":{"rendered":"https:\/\/espacetriathlon.com\/product\/athlex-tri-pant-v2\/"},"modified":"2026-02-23T09:52:56","modified_gmt":"2026-02-23T09:52:56","slug":"athlex-tri-pant-v2","status":"publish","type":"product","link":"https:\/\/espacetriathlon.com\/it\/product\/athlex-tri-pant-v2\/","title":{"rendered":"Athlex Tri Pant v2"},"content":{"rendered":"<h3>Vapour Cool<\/h3>\n<p>Questa tecnologia a base di nanocristalli aiuta a raffreddare il corpo dell&#8217;atleta, accelerando l&#8217;evaporazione del sudore. Inoltre, offre una buona compressione senza compromettere la flessibilit\u00e0 della tuta, garantendo una vestibilit\u00e0 aderente. <\/p>\n<h3>Tampone da ciclismo Tri-Tech<\/h3>\n<p>Il fondello da ciclismo Tri-Tech italiano da 4 mm con densit\u00e0 di 120 kg\/m3 ti offre un maggiore comfort in bicicletta e un&#8217;asciugatura rapida.<\/p>\n<h3>Immagazzinamento<\/h3>\n<p>Le due tasche posteriori offrono spazio sufficiente per conservare il carburante necessario durante il triathlon.<\/p>\n","protected":false},"excerpt":{"rendered":"<p>L&#8217;Athlex Tri Pant V2 \u00e8 stato progettato con l&#8217;obiettivo di migliorare le prestazioni sportive dei triatleti. Da un lato, la tecnologia Vapour Cool impiegata in questo prodotto aiuta a espellere il calore e l&#8217;umidit\u00e0 in modo pi\u00f9 efficiente, mantenendo la temperatura corporea bassa per tutta la durata del triathlon in modo da avere pi\u00f9 energia quando si arriva alla fase cruciale della gara. D&#8217;altra parte, il fondello da ciclismo Tri-Tech italiano da 4 mm con densit\u00e0 di 120 kg\/m3 ti offre il comfort necessario nella fase di ciclismo e, grazie al suo design ergonomico, non lo noterai durante la corsa. Inoltre, questo prodotto \u00e8 dotato di tasche posteriori per riporre tutto ci\u00f2 di cui hai bisogno durante la corsa.   <\/p>\n","protected":false},"featured_media":61663,"template":"","meta":[],"product_brand":[],"product_cat":[315],"product_tag":[],"class_list":{"0":"post-61700","1":"product","2":"type-product","3":"status-publish","4":"has-post-thumbnail","6":"product_cat-gear-it","7":"pa_brand-orca-it","8":"pa_size-l-it","9":"pa_size-m-it","10":"pa_size-s-it","11":"pa_size-xl-it","12":"pa_size-xxl-it","14":"first","15":"instock","16":"shipping-taxable","17":"purchasable","18":"product-type-variable"},"_links":{"self":[{"href":"https:\/\/espacetriathlon.com\/it\/wp-json\/wp\/v2\/product\/61700","targetHints":{"allow":["GET"]}}],"collection":[{"href":"https:\/\/espacetriathlon.com\/it\/wp-json\/wp\/v2\/product"}],"about":[{"href":"https:\/\/espacetriathlon.com\/it\/wp-json\/wp\/v2\/types\/product"}],"version-history":[{"count":0,"href":"https:\/\/espacetriathlon.com\/it\/wp-json\/wp\/v2\/product\/61700\/revisions"}],"wp:featuredmedia":[{"embeddable":true,"href":"https:\/\/espacetriathlon.com\/it\/wp-json\/wp\/v2\/media\/61663"}],"wp:attachment":[{"href":"https:\/\/espacetriathlon.com\/it\/wp-json\/wp\/v2\/media?parent=61700"}],"wp:term":[{"taxonomy":"product_brand","embeddable":true,"href":"https:\/\/espacetriathlon.com\/it\/wp-json\/wp\/v2\/product_brand?post=61700"},{"taxonomy":"product_cat","embeddable":true,"href":"https:\/\/espacetriathlon.com\/it\/wp-json\/wp\/v2\/product_cat?post=61700"},{"taxonomy":"product_tag","embeddable":true,"href":"https:\/\/espacetriathlon.com\/it\/wp-json\/wp\/v2\/product_tag?post=61700"}],"curies":[{"name":"wp","href":"https:\/\/api.w.org\/{rel}","templated":true}]}}