{"id":61755,"date":"2026-02-24T07:44:28","date_gmt":"2026-02-24T07:44:28","guid":{"rendered":"https:\/\/espacetriathlon.com\/product\/tuta-athlex-aero-race-v2-bianco-donna\/"},"modified":"2026-02-24T07:44:28","modified_gmt":"2026-02-24T07:44:28","slug":"tuta-athlex-aero-race-v2-bianco-donna","status":"publish","type":"product","link":"https:\/\/espacetriathlon.com\/it\/product\/tuta-athlex-aero-race-v2-bianco-donna\/","title":{"rendered":"Tuta Athlex Aero Race V2 Bianco Donna"},"content":{"rendered":"<h3>Aero<\/h3>\n<p>Il tessuto delle spalle, delle maniche e della schiena ha una texture specifica progettata per migliorare l&#8217;aerodinamica. Inoltre, i tessuti altamente elastici incorporati nella tuta si adattano perfettamente al tuo corpo, consentendoti di eseguire le tue bracciate senza alcuna restrizione. <\/p>\n<h3>Vapour Cool<\/h3>\n<p>Questa tecnologia a base di nanocristalli aiuta a raffreddare il corpo dell&#8217;atleta, accelerando l&#8217;evaporazione del sudore. Inoltre, offre una buona compressione senza compromettere la flessibilit\u00e0 della tuta, garantendo una vestibilit\u00e0 aderente. <\/p>\n<h3>Tampone da ciclismo Tri-Tech<\/h3>\n<p>Il fondello da ciclismo Tri-Tech italiano da 4 mm con densit\u00e0 di 120 kg\/m3 ti offre un maggiore comfort in bicicletta e un&#8217;asciugatura rapida.<\/p>\n<h3>Immagazzinamento<\/h3>\n<p>Le due tasche posteriori offrono spazio sufficiente per conservare il carburante necessario durante il triathlon.<\/p>\n","protected":false},"excerpt":{"rendered":"<p>L&#8217;Athlex Aerosuit V2 \u00e8 stata progettata con l&#8217;obiettivo di migliorare l&#8217;aerodinamica e le prestazioni sportive dei triatleti. Da un lato, il tessuto aerodinamico delle spalle, delle braccia e della schiena ha dimostrato di ridurre in modo significativo l&#8217;attrito con l&#8217;aria in numerosi test effettuati, e l&#8217;uso di tessuti altamente elastici ti permette di eseguire la tua corsa in totale libert\u00e0, senza restrizioni.<br \/>\nDall&#8217;altro lato, la tecnologia Vapour Cool incorporata nella tuta aiuta a espellere il calore e l&#8217;umidit\u00e0 in modo pi\u00f9 efficiente, mantenendo la temperatura corporea bassa per tutta la durata del triathlon, in modo da avere pi\u00f9 energia quando arrivi alla fase cruciale della gara. Inoltre, questa nuova versione dell&#8217;Athlex Aerosuit \u00e8 dotata di tessuti che rilasciano il calore corporeo in modo ancora pi\u00f9 efficiente su entrambi i lati della parte superiore del busto.<br \/>\nPlus, il fondello da ciclismo Tri-Tech italiano da 4 mm con densit\u00e0 di 120 kg\/m3 ti offre il comfort necessario nella fase di ciclismo e, grazie al suo design ergonomico, non lo noterai durante la corsa.  <\/p>\n","protected":false},"featured_media":61679,"template":"","meta":[],"product_brand":[],"product_cat":[315],"product_tag":[],"class_list":{"0":"post-61755","1":"product","2":"type-product","3":"status-publish","4":"has-post-thumbnail","6":"product_cat-gear-it","7":"pa_brand-orca-it","8":"pa_size-l-it","9":"pa_size-m-it","10":"pa_size-s-it","11":"pa_size-xs-it","12":"pa_size-xl-it","14":"first","15":"instock","16":"shipping-taxable","17":"purchasable","18":"product-type-variable"},"_links":{"self":[{"href":"https:\/\/espacetriathlon.com\/it\/wp-json\/wp\/v2\/product\/61755","targetHints":{"allow":["GET"]}}],"collection":[{"href":"https:\/\/espacetriathlon.com\/it\/wp-json\/wp\/v2\/product"}],"about":[{"href":"https:\/\/espacetriathlon.com\/it\/wp-json\/wp\/v2\/types\/product"}],"version-history":[{"count":0,"href":"https:\/\/espacetriathlon.com\/it\/wp-json\/wp\/v2\/product\/61755\/revisions"}],"wp:featuredmedia":[{"embeddable":true,"href":"https:\/\/espacetriathlon.com\/it\/wp-json\/wp\/v2\/media\/61679"}],"wp:attachment":[{"href":"https:\/\/espacetriathlon.com\/it\/wp-json\/wp\/v2\/media?parent=61755"}],"wp:term":[{"taxonomy":"product_brand","embeddable":true,"href":"https:\/\/espacetriathlon.com\/it\/wp-json\/wp\/v2\/product_brand?post=61755"},{"taxonomy":"product_cat","embeddable":true,"href":"https:\/\/espacetriathlon.com\/it\/wp-json\/wp\/v2\/product_cat?post=61755"},{"taxonomy":"product_tag","embeddable":true,"href":"https:\/\/espacetriathlon.com\/it\/wp-json\/wp\/v2\/product_tag?post=61755"}],"curies":[{"name":"wp","href":"https:\/\/api.w.org\/{rel}","templated":true}]}}