{"id":61818,"date":"2026-02-24T09:32:40","date_gmt":"2026-02-24T09:32:40","guid":{"rendered":"https:\/\/espacetriathlon.com\/product\/apex-dream-kona-v2-argento-uomo\/"},"modified":"2026-02-24T09:32:40","modified_gmt":"2026-02-24T09:32:40","slug":"apex-dream-kona-v2-argento-uomo","status":"publish","type":"product","link":"https:\/\/espacetriathlon.com\/it\/product\/apex-dream-kona-v2-argento-uomo\/","title":{"rendered":"Apex Dream Kona V2 Argento Uomo"},"content":{"rendered":"<h3>Aerodinamica<\/h3>\n<p>Test approfonditi hanno portato alla nascita della nostra tuta tris pi\u00f9 aerodinamica.<\/p>\n<h3>Elasticit\u00e0<\/h3>\n<p>I tessuti altamente elastici e la modellistica avanzata consentono alla tuta tris di adattarsi perfettamente al corpo del triatleta, in modo che si senta completamente libero in tutte e tre le fasi del triathlon.<\/p>\n<h3>Breathability<\/h3>\n<p>La tecnologia Vapour Cool utilizzata nel tessuto del petto e dei pannelli laterali aiuta a ridurre il calore e l&#8217;umidit\u00e0 del corpo. Questo ti permette di raggiungere l&#8217;ultimo tratto di gara con pi\u00f9 energia.   <\/p>\n<h3>Comfort<\/h3>\n<p>Il fondello da ciclismo italiano, realizzato in eco-grafene e progettato in esclusiva da Orca, aiuta a ridurre il calore e l&#8217;umidit\u00e0, garantendoti un maggiore comfort in bicicletta. Inoltre, grazie al suo design ottimizzato per il triathlon, ti sentirai completamente libero durante la fase di corsa. <\/p>\n","protected":false},"excerpt":{"rendered":"<p>La tuta Dream Kona V2 \u00e8 nata da test approfonditi condotti in laboratori, gallerie del vento e gare.<br \/>\nIl tessuto italiano utilizzato per la schiena, le spalle e le maniche \u00e8 stato specificamente progettato per ridurre l&#8217;attrito con l&#8217;aria e migliorare l&#8217;aerodinamica del triatleta. Inoltre, i test hanno dimostrato che l&#8217;inclusione di scanalature orizzontali nella schiena e di scanalature verticali nelle maniche consente di risparmiare in media 8W a 40km\/h.<br \/>\nI tessuti della tuta Dream Kona V2 utilizzano la tecnologia Vapour Cool, che aiuta a espellere il calore corporeo e l&#8217;umidit\u00e0 in modo pi\u00f9 efficiente. Numerosi studi hanno rivelato che dopo un&#8217;ora di esercizio fisico ad alta intensit\u00e0 in una stanza a 21\u00baC, un triatleta che indossa la Dream Kona V2 ha in media una temperatura corporea di 2\u00baC inferiore rispetto a chi indossa tessuti tradizionali. Questo \u00e8 il risultato del filo d&#8217;argento che compone il tessuto nel petto e nei pannelli laterali, rendendolo un tessuto altamente efficiente in termini di riduzione del calore corporeo. \u00c8 questo che fa la differenza nella fase finale della gara.     <\/p>\n","protected":false},"featured_media":61801,"template":"","meta":[],"product_brand":[],"product_cat":[315],"product_tag":[],"class_list":{"0":"post-61818","1":"product","2":"type-product","3":"status-publish","4":"has-post-thumbnail","6":"product_cat-gear-it","7":"pa_brand-orca-it","8":"pa_size-l-it","9":"pa_size-m-it","10":"pa_size-s-it","11":"pa_size-xl-it","13":"first","14":"instock","15":"shipping-taxable","16":"purchasable","17":"product-type-variable"},"_links":{"self":[{"href":"https:\/\/espacetriathlon.com\/it\/wp-json\/wp\/v2\/product\/61818","targetHints":{"allow":["GET"]}}],"collection":[{"href":"https:\/\/espacetriathlon.com\/it\/wp-json\/wp\/v2\/product"}],"about":[{"href":"https:\/\/espacetriathlon.com\/it\/wp-json\/wp\/v2\/types\/product"}],"version-history":[{"count":0,"href":"https:\/\/espacetriathlon.com\/it\/wp-json\/wp\/v2\/product\/61818\/revisions"}],"wp:featuredmedia":[{"embeddable":true,"href":"https:\/\/espacetriathlon.com\/it\/wp-json\/wp\/v2\/media\/61801"}],"wp:attachment":[{"href":"https:\/\/espacetriathlon.com\/it\/wp-json\/wp\/v2\/media?parent=61818"}],"wp:term":[{"taxonomy":"product_brand","embeddable":true,"href":"https:\/\/espacetriathlon.com\/it\/wp-json\/wp\/v2\/product_brand?post=61818"},{"taxonomy":"product_cat","embeddable":true,"href":"https:\/\/espacetriathlon.com\/it\/wp-json\/wp\/v2\/product_cat?post=61818"},{"taxonomy":"product_tag","embeddable":true,"href":"https:\/\/espacetriathlon.com\/it\/wp-json\/wp\/v2\/product_tag?post=61818"}],"curies":[{"name":"wp","href":"https:\/\/api.w.org\/{rel}","templated":true}]}}