{"id":62987,"date":"2026-03-19T20:41:01","date_gmt":"2026-03-19T20:41:01","guid":{"rendered":"https:\/\/espacetriathlon.com\/product\/activate-tri-short-donna-nero-turchese\/"},"modified":"2026-03-19T20:41:01","modified_gmt":"2026-03-19T20:41:01","slug":"activate-tri-short-donna-nero-turchese","status":"publish","type":"product","link":"https:\/\/espacetriathlon.com\/it\/product\/activate-tri-short-donna-nero-turchese\/","title":{"rendered":"Activate Tri Short Donna Nero\/Turchese"},"content":{"rendered":"<p>La linea Activate \u00e8 diventata un punto fermo nel mondo del triathlon e si \u00e8 giustamente guadagnata la reputazione di essere un prodotto di altissima qualit\u00e0 che offre un ottimo rapporto qualit\u00e0-prezzo. La collezione, che comprende tute, top e pantaloncini, \u00e8 stata lanciata per la prima volta nel 2014 e da allora \u00e8 stata utilizzata da migliaia di atleti in tutto il mondo. <\/p>\n<p>In origine abbiamo progettato questa collezione per i triatleti principianti o per chi cercava una tuta economica con cui allenarsi. Sappiamo che la nostra linea Activate ha contribuito a incoraggiare la partecipazione ai multisport, offrendo ai nuovi arrivati un prodotto di alta qualit\u00e0, ma a un prezzo pi\u00f9 accessibile. <\/p>\n<p>La nostra ultima gamma Activate \u00e8 migliore che mai, con una moltitudine di nuove caratteristiche che migliorano il comfort e un nuovo design dei pannelli, per garantire una vestibilit\u00e0 ancora migliore. La tuta \u00e8 realizzata in tessuto Lycra Sport, per garantire longevit\u00e0, traspirabilit\u00e0, comfort e prestazioni. <\/p>\n<p>Questo prodotto \u00e8 perfetto come prima tuta da tri, ma se cerchi quel &#8220;qualcosa in pi\u00f9&#8221;, dai un&#8217;occhiata alla nostra gamma Aquaflo+, superba in termini di prestazioni ed estetica.<\/p>\n","protected":false},"excerpt":{"rendered":"<p>Un valore incredibile considerando le prestazioni, la qualit\u00e0 e lo stile. Materiali di alta qualit\u00e0 e design incentrato sul comfort. Caratteristiche tipiche dei prodotti di alto livello, come il fondello specifico per il Tri e le pinze interne per le gambe. Nuovo design dei pannelli per migliorare ulteriormente la vestibilit\u00e0.   <\/p>\n<p>Zona3<\/p>\n","protected":false},"featured_media":62972,"template":"","meta":[],"product_brand":[],"product_cat":[315],"product_tag":[],"class_list":{"0":"post-62987","1":"product","2":"type-product","3":"status-publish","4":"has-post-thumbnail","6":"product_cat-gear-it","7":"pa_brand-zone3","8":"pa_size-l-it","9":"pa_size-m-it","10":"pa_size-s-it","11":"pa_size-xs-it","12":"pa_size-xl-it","14":"first","15":"instock","16":"shipping-taxable","17":"purchasable","18":"product-type-variable"},"_links":{"self":[{"href":"https:\/\/espacetriathlon.com\/it\/wp-json\/wp\/v2\/product\/62987","targetHints":{"allow":["GET"]}}],"collection":[{"href":"https:\/\/espacetriathlon.com\/it\/wp-json\/wp\/v2\/product"}],"about":[{"href":"https:\/\/espacetriathlon.com\/it\/wp-json\/wp\/v2\/types\/product"}],"version-history":[{"count":0,"href":"https:\/\/espacetriathlon.com\/it\/wp-json\/wp\/v2\/product\/62987\/revisions"}],"wp:featuredmedia":[{"embeddable":true,"href":"https:\/\/espacetriathlon.com\/it\/wp-json\/wp\/v2\/media\/62972"}],"wp:attachment":[{"href":"https:\/\/espacetriathlon.com\/it\/wp-json\/wp\/v2\/media?parent=62987"}],"wp:term":[{"taxonomy":"product_brand","embeddable":true,"href":"https:\/\/espacetriathlon.com\/it\/wp-json\/wp\/v2\/product_brand?post=62987"},{"taxonomy":"product_cat","embeddable":true,"href":"https:\/\/espacetriathlon.com\/it\/wp-json\/wp\/v2\/product_cat?post=62987"},{"taxonomy":"product_tag","embeddable":true,"href":"https:\/\/espacetriathlon.com\/it\/wp-json\/wp\/v2\/product_tag?post=62987"}],"curies":[{"name":"wp","href":"https:\/\/api.w.org\/{rel}","templated":true}]}}