{"id":63025,"date":"2026-03-20T14:56:27","date_gmt":"2026-03-20T14:56:27","guid":{"rendered":"https:\/\/espacetriathlon.com\/product\/activate-tri-short-uomo\/"},"modified":"2026-03-20T14:56:27","modified_gmt":"2026-03-20T14:56:27","slug":"activate-tri-short-uomo","status":"publish","type":"product","link":"https:\/\/espacetriathlon.com\/it\/product\/activate-tri-short-uomo\/","title":{"rendered":"Activate Tri Short Uomo"},"content":{"rendered":"<p>Abbiamo progettato questa tuta per i triatleti alle prime armi o per chi cercava una tuta economica con cui allenarsi e sappiamo che questa collezione ha incoraggiato la partecipazione al multisport, dando ai nuovi arrivati l&#8217;accesso a un prodotto di alta qualit\u00e0, il migliore sul mercato, a un prezzo accessibile.<\/p>\n<p>La nostra ultima gamma Activate \u00e8 ora migliore che mai, con una moltitudine di nuove caratteristiche per migliorare il comfort e un nuovo design dei pannelli per garantire una vestibilit\u00e0 ancora migliore. I nostri tri-shorts sono realizzati in tessuto Lycra Sport, per garantire longevit\u00e0, traspirabilit\u00e0, comfort e prestazioni. <\/p>\n<p>Cosa rende questo prodotto diverso:<\/p>\n<p>Con un valore incredibile considerando le prestazioni, la qualit\u00e0 e lo stile. I materiali di alta qualit\u00e0 sono incentrati sul comfort e sul design. Queste caratteristiche sono presenti nei prodotti di alto livello, come il fondello specifico per il Tri e le pinze interne per le gambe.  <\/p>\n<p>\u00c8 perfetta come prima muta Tri, ma dai un&#8217;occhiata alla gamma ZONE3 Aquaflo+ se cerchi quel &#8220;qualcosa in pi\u00f9&#8221; in termini di prestazioni, controllo della temperatura e look.<\/p>\n","protected":false},"excerpt":{"rendered":"<p>La nostra linea Activate \u00e8 diventata un punto fermo nel mondo del triathlon, guadagnandosi giustamente la reputazione di essere un prodotto di altissima qualit\u00e0 che offre un ottimo rapporto qualit\u00e0-prezzo. La collezione \u00e8 stata lanciata nel 2014 e da allora \u00e8 stata utilizzata da migliaia di atleti. <\/p>\n<p>Zona3<\/p>\n","protected":false},"featured_media":63011,"template":"","meta":[],"product_brand":[],"product_cat":[315],"product_tag":[],"class_list":{"0":"post-63025","1":"product","2":"type-product","3":"status-publish","4":"has-post-thumbnail","6":"product_cat-gear-it","7":"pa_brand-zone3","8":"pa_size-l-it","9":"pa_size-m-it","10":"pa_size-s-it","11":"pa_size-xl-it","12":"pa_size-xxl-it","14":"first","15":"instock","16":"shipping-taxable","17":"purchasable","18":"product-type-variable"},"_links":{"self":[{"href":"https:\/\/espacetriathlon.com\/it\/wp-json\/wp\/v2\/product\/63025","targetHints":{"allow":["GET"]}}],"collection":[{"href":"https:\/\/espacetriathlon.com\/it\/wp-json\/wp\/v2\/product"}],"about":[{"href":"https:\/\/espacetriathlon.com\/it\/wp-json\/wp\/v2\/types\/product"}],"version-history":[{"count":0,"href":"https:\/\/espacetriathlon.com\/it\/wp-json\/wp\/v2\/product\/63025\/revisions"}],"wp:featuredmedia":[{"embeddable":true,"href":"https:\/\/espacetriathlon.com\/it\/wp-json\/wp\/v2\/media\/63011"}],"wp:attachment":[{"href":"https:\/\/espacetriathlon.com\/it\/wp-json\/wp\/v2\/media?parent=63025"}],"wp:term":[{"taxonomy":"product_brand","embeddable":true,"href":"https:\/\/espacetriathlon.com\/it\/wp-json\/wp\/v2\/product_brand?post=63025"},{"taxonomy":"product_cat","embeddable":true,"href":"https:\/\/espacetriathlon.com\/it\/wp-json\/wp\/v2\/product_cat?post=63025"},{"taxonomy":"product_tag","embeddable":true,"href":"https:\/\/espacetriathlon.com\/it\/wp-json\/wp\/v2\/product_tag?post=63025"}],"curies":[{"name":"wp","href":"https:\/\/api.w.org\/{rel}","templated":true}]}}