{"id":63542,"date":"2026-03-28T20:18:43","date_gmt":"2026-03-28T20:18:43","guid":{"rendered":"https:\/\/espacetriathlon.com\/product\/zaino-transition-teal-sky\/"},"modified":"2026-03-28T20:18:43","modified_gmt":"2026-03-28T20:18:43","slug":"zaino-transition-teal-sky","status":"publish","type":"product","link":"https:\/\/espacetriathlon.com\/it\/product\/zaino-transition-teal-sky\/","title":{"rendered":"Zaino Transition Teal \/ Sky"},"content":{"rendered":"<p>Capacit\u00e0 40L: Ampio scomparto principale per abbigliamento, scarpe, accessori e attrezzatura da allenamento.<br \/>\nScomparto impermeabile per la muta: La sezione inferiore completamente sigillata isola il kit bagnato per aiutare a mantenere asciutto il resto dell&#8217;attrezzatura.<br \/>\nCostruzione resistente in poliestere e PVC: Materiali esterni robusti combinati con una fodera rivestita in PU per una protezione di lunga durata.<br \/>\nSistema di trasporto imbottito e traspirante: Il pannello posteriore e gli spallacci foderati in rete favoriscono il comfort nei trasporti pi\u00f9 lunghi.<br \/>\nCinghie ergonomiche regolabili con fascia toracica: aiutano a stabilizzare il carico e a migliorare il comfort di trasporto.<br \/>\nOrganizzazione specifica per il triathlon: Disposizione a tre fasi progettata per separare l&#8217;attrezzatura per il nuoto, la bici e la corsa.<br \/>\nPunti di aggancio per il casco: Gli anelli a D esterni consentono di trasportare il casco in modo sicuro durante gli spostamenti da e verso le sessioni.<br \/>\nPortaoggetti esterni in rete: Le tasche laterali consentono di accedere rapidamente alle bottiglie d&#8217;acqua o a piccoli oggetti.<br \/>\nTasca per smartphone di facile accesso: Comoda e protettiva per riporre gli oggetti di valore.<br \/>\nCompatibile con il bagaglio a mano delle compagnie aeree: Dimensioni adatte a soddisfare le esigenze di  <\/p>\n","protected":false},"excerpt":{"rendered":"<p>Progettato per semplificare la preparazione al triathlon, lo zaino Transition \u00e8 caratterizzato da un layout strutturato in tre sezioni che separa mute, abbigliamento, accessori e oggetti di valore per un imballaggio efficiente prima e dopo l&#8217;allenamento o la gara. Uno scomparto inferiore completamente impermeabile isola il kit bagnato o usato, aiutando a mantenere l&#8217;area di stoccaggio principale pulita e asciutta. <\/p>\n<p>I materiali esterni in poliestere e PVC garantiscono robustezza strutturale e resistenza agli agenti atmosferici, mentre la fodera interna rivestita in PU con cuciture sigillate aggiunge una protezione affidabile dall&#8217;umidit\u00e0. La generosa capacit\u00e0 di 40L \u00e8 supportata da una base ampia e stabile, che permette alla borsa di rimanere in piedi quando si fa la valigia o si accede agli scomparti.<br \/>\nZone3 <\/p>\n","protected":false},"featured_media":63538,"template":"","meta":[],"product_brand":[],"product_cat":[1713,327],"product_tag":[],"class_list":{"0":"post-63542","1":"product","2":"type-product","3":"status-publish","4":"has-post-thumbnail","6":"product_cat-accessories-tri-it","7":"product_cat-bags-it","8":"pa_brand-zone3","10":"first","11":"instock","12":"shipping-taxable","13":"purchasable","14":"product-type-simple"},"_links":{"self":[{"href":"https:\/\/espacetriathlon.com\/it\/wp-json\/wp\/v2\/product\/63542","targetHints":{"allow":["GET"]}}],"collection":[{"href":"https:\/\/espacetriathlon.com\/it\/wp-json\/wp\/v2\/product"}],"about":[{"href":"https:\/\/espacetriathlon.com\/it\/wp-json\/wp\/v2\/types\/product"}],"version-history":[{"count":0,"href":"https:\/\/espacetriathlon.com\/it\/wp-json\/wp\/v2\/product\/63542\/revisions"}],"wp:featuredmedia":[{"embeddable":true,"href":"https:\/\/espacetriathlon.com\/it\/wp-json\/wp\/v2\/media\/63538"}],"wp:attachment":[{"href":"https:\/\/espacetriathlon.com\/it\/wp-json\/wp\/v2\/media?parent=63542"}],"wp:term":[{"taxonomy":"product_brand","embeddable":true,"href":"https:\/\/espacetriathlon.com\/it\/wp-json\/wp\/v2\/product_brand?post=63542"},{"taxonomy":"product_cat","embeddable":true,"href":"https:\/\/espacetriathlon.com\/it\/wp-json\/wp\/v2\/product_cat?post=63542"},{"taxonomy":"product_tag","embeddable":true,"href":"https:\/\/espacetriathlon.com\/it\/wp-json\/wp\/v2\/product_tag?post=63542"}],"curies":[{"name":"wp","href":"https:\/\/api.w.org\/{rel}","templated":true}]}}