{"id":64147,"date":"2026-03-30T19:18:57","date_gmt":"2026-03-30T19:18:57","guid":{"rendered":"https:\/\/espacetriathlon.com\/?post_type=product&#038;p=64147"},"modified":"2026-03-30T19:23:01","modified_gmt":"2026-03-30T19:23:01","slug":"men-activate-short-sleeves-full-zip-trisuit","status":"publish","type":"product","link":"https:\/\/espacetriathlon.com\/it\/product\/men-activate-short-sleeves-full-zip-trisuit\/","title":{"rendered":"Men Activate Short Sleeves Full Zip Trisuit"},"content":{"rendered":"<p>Tessuto<\/p>\n<p>  Tessuto Lycra Sport ad alta potenza:Questo materiale altamente traspirante controlla la temperatura e viene utilizzato sulla parte anteriore della parte superiore del corpo e sui pannelli delle gambe per mantenere modestia e copertura.<br \/>\n  Pannello posteriore waffle: Il pannello posteriore \u00e8 realizzato con un tessuto estremamente leggero ed elasticizzato con struttura waffle per garantire la massima traspirabilit\u00e0 e una vestibilit\u00e0 confortevole.  <\/p>\n<p>Prestazioni  <\/p>\n<p>  Cuscinetto Tri-lite: Piccolo e ben posizionato, il fondello presenta diversi livelli di spessore e cuciture sottili per garantire il massimo comfort, ridurre le irritazioni e minimizzare il dolore da sella.<br \/>\n  Tecnologia elastica: Garantisce una vestibilit\u00e0 aderente senza alcun fastidio intorno alle braccia e al collo.<br \/>\n  Cerniera anteriore: Per una maggiore ventilazione durante il ciclo o la corsa.<br \/>\n  Impugnatura in silicone per gambe UFO<\/p>\n","protected":false},"excerpt":{"rendered":"<p>La nostra linea Activate \u00e8 diventata un punto fermo nel mondo del triathlon e si \u00e8 giustamente guadagnata la reputazione di essere un prodotto di altissima qualit\u00e0 che offre un ottimo rapporto qualit\u00e0-prezzo. La collezione, che comprende tute, top e pantaloncini da triathlon, \u00e8 stata lanciata nel 2014 e da allora \u00e8 stata utilizzata da migliaia di atleti in tutto il mondo.   <\/p>\n<p>Inizialmente abbiamo progettato la linea Activate per i triatleti principianti o per coloro che cercavano una tuta economica con cui allenarsi. Con questa linea abbiamo incoraggiato la partecipazione al multisport offrendo ai partecipanti un prodotto di alta qualit\u00e0, al top del mercato, ma a un prezzo pi\u00f9 accessibile.   <\/p>\n","protected":false},"featured_media":64164,"template":"","meta":[],"product_brand":[],"product_cat":[315],"product_tag":[],"class_list":{"0":"post-64147","1":"product","2":"type-product","3":"status-publish","4":"has-post-thumbnail","6":"product_cat-gear-it","7":"pa_brand-zone3","8":"pa_size-l-it","9":"pa_size-m-it","10":"pa_size-s-it","11":"pa_size-xl-it","12":"pa_size-xxl-it","14":"first","15":"instock","16":"shipping-taxable","17":"purchasable","18":"product-type-variable"},"_links":{"self":[{"href":"https:\/\/espacetriathlon.com\/it\/wp-json\/wp\/v2\/product\/64147","targetHints":{"allow":["GET"]}}],"collection":[{"href":"https:\/\/espacetriathlon.com\/it\/wp-json\/wp\/v2\/product"}],"about":[{"href":"https:\/\/espacetriathlon.com\/it\/wp-json\/wp\/v2\/types\/product"}],"version-history":[{"count":2,"href":"https:\/\/espacetriathlon.com\/it\/wp-json\/wp\/v2\/product\/64147\/revisions"}],"predecessor-version":[{"id":64187,"href":"https:\/\/espacetriathlon.com\/it\/wp-json\/wp\/v2\/product\/64147\/revisions\/64187"}],"wp:featuredmedia":[{"embeddable":true,"href":"https:\/\/espacetriathlon.com\/it\/wp-json\/wp\/v2\/media\/64164"}],"wp:attachment":[{"href":"https:\/\/espacetriathlon.com\/it\/wp-json\/wp\/v2\/media?parent=64147"}],"wp:term":[{"taxonomy":"product_brand","embeddable":true,"href":"https:\/\/espacetriathlon.com\/it\/wp-json\/wp\/v2\/product_brand?post=64147"},{"taxonomy":"product_cat","embeddable":true,"href":"https:\/\/espacetriathlon.com\/it\/wp-json\/wp\/v2\/product_cat?post=64147"},{"taxonomy":"product_tag","embeddable":true,"href":"https:\/\/espacetriathlon.com\/it\/wp-json\/wp\/v2\/product_tag?post=64147"}],"curies":[{"name":"wp","href":"https:\/\/api.w.org\/{rel}","templated":true}]}}