{"id":64715,"date":"2026-04-03T11:07:02","date_gmt":"2026-04-03T11:07:02","guid":{"rendered":"https:\/\/espacetriathlon.com\/product\/short-buoyancy-lopzione-premium\/"},"modified":"2026-04-03T11:07:02","modified_gmt":"2026-04-03T11:07:02","slug":"short-buoyancy-lopzione-premium","status":"publish","type":"product","link":"https:\/\/espacetriathlon.com\/it\/product\/short-buoyancy-lopzione-premium\/","title":{"rendered":"Short Buoyancy &#8211; L&#8217;opzione Premium"},"content":{"rendered":"<p>Design altamente galleggiante per nuotatori con gambe pesanti.<br \/>\nRivestimento SCS Nano per ridurre la resistenza aerodinamica.<br \/>\nIl concetto ha aiutato 1000 nuotatori a migliorare la loro tecnica di nuoto e la loro velocit\u00e0<br \/>\nNuova fascia in vita incentrata sul comfort<br \/>\nZone3 sono gli inventori originali di questo prodotto nel 2008.<\/p>\n","protected":false},"excerpt":{"rendered":"<p>I Buoyancy Shorts sono stati sviluppati per la prima volta da Zone3 nel 2008. L&#8217;invenzione originale di questo prodotto prevedeva l&#8217;utilizzo di un materiale liscio di 5:3 mm di spessore, ma data la sua enorme popolarit\u00e0, Zone3 ha ora rilasciato un design pi\u00f9 galleggiante e con una minore resistenza aerodinamica chiamato &#8220;The Premium Option&#8221;.<br \/>\nZone-3<br \/>\nI pantaloncini sono realizzati con una combinazione di Yamamoto #39 SCS da 3 mm sui pannelli anteriori e posteriori e Yamamoto SCS Aerodome da 5 mm sui pannelli laterali, che offre il 30% in pi\u00f9 di galleggiabilit\u00e0 rispetto al neoprene standard. <\/p>\n<p>Il materiale #39 SCS offre una vestibilit\u00e0 pi\u00f9 morbida, leggera e flessibile, mentre l&#8217;Aerodome aiuta l&#8217;atleta a galleggiare e a ruotare i fianchi. Questa calzatura \u00e8 adatta soprattutto ai nuotatori con gambe pesanti che vogliono affinare la loro tecnica. <\/p>\n<p>Il rivestimento SCS assicura una resistenza minima nell&#8217;acqua e il materiale Aerodome presenta bolle d&#8217;aria tra gli strati di neoprene che offrono il 30% in pi\u00f9 di galleggiabilit\u00e0 rispetto al neoprene standard. I 3 mm sulla parte anteriore e posteriore forniscono la galleggiabilit\u00e0 aggiuntiva, mentre i pannelli laterali da 5 mm la completano favorendo la rotazione dell&#8217;anca durante ogni bracciata. C&#8217;\u00e8 anche una fodera interna pi\u00f9 morbida ed elastica per migliorare il comfort. I pantaloncini sono cuciti e incollati proprio come una muta da triathlon.   <\/p>\n","protected":false},"featured_media":64703,"template":"","meta":[],"product_brand":[],"product_cat":[1713,272],"product_tag":[],"class_list":{"0":"post-64715","1":"product","2":"type-product","3":"status-publish","4":"has-post-thumbnail","6":"product_cat-accessories-tri-it","7":"product_cat-openwater-it","8":"pa_brand-zone3","9":"pa_size-l-it","10":"pa_size-m-it","11":"pa_size-xl-it","12":"pa_size-xxl-it","14":"first","15":"instock","16":"shipping-taxable","17":"purchasable","18":"product-type-variable"},"_links":{"self":[{"href":"https:\/\/espacetriathlon.com\/it\/wp-json\/wp\/v2\/product\/64715","targetHints":{"allow":["GET"]}}],"collection":[{"href":"https:\/\/espacetriathlon.com\/it\/wp-json\/wp\/v2\/product"}],"about":[{"href":"https:\/\/espacetriathlon.com\/it\/wp-json\/wp\/v2\/types\/product"}],"version-history":[{"count":0,"href":"https:\/\/espacetriathlon.com\/it\/wp-json\/wp\/v2\/product\/64715\/revisions"}],"wp:featuredmedia":[{"embeddable":true,"href":"https:\/\/espacetriathlon.com\/it\/wp-json\/wp\/v2\/media\/64703"}],"wp:attachment":[{"href":"https:\/\/espacetriathlon.com\/it\/wp-json\/wp\/v2\/media?parent=64715"}],"wp:term":[{"taxonomy":"product_brand","embeddable":true,"href":"https:\/\/espacetriathlon.com\/it\/wp-json\/wp\/v2\/product_brand?post=64715"},{"taxonomy":"product_cat","embeddable":true,"href":"https:\/\/espacetriathlon.com\/it\/wp-json\/wp\/v2\/product_cat?post=64715"},{"taxonomy":"product_tag","embeddable":true,"href":"https:\/\/espacetriathlon.com\/it\/wp-json\/wp\/v2\/product_tag?post=64715"}],"curies":[{"name":"wp","href":"https:\/\/api.w.org\/{rel}","templated":true}]}}