{"id":64859,"date":"2026-04-04T11:21:38","date_gmt":"2026-04-04T11:21:38","guid":{"rendered":"https:\/\/espacetriathlon.com\/product\/lava-long-distance-shortsleeves-trisuit-men\/"},"modified":"2026-04-04T11:21:38","modified_gmt":"2026-04-04T11:21:38","slug":"lava-long-distance-shortsleeves-trisuit-men","status":"publish","type":"product","link":"https:\/\/espacetriathlon.com\/it\/product\/lava-long-distance-shortsleeves-trisuit-men\/","title":{"rendered":"Lava Long Distance Shortsleeves Trisuit Men"},"content":{"rendered":"<p><strong>TESSUTI<\/strong><\/p>\n<p><strong>AERO-STRIPE <\/strong>&#8211; Un innovativo materiale a righe di origine italiana \u00e8 posizionato sulle maniche raglan per migliorare l&#8217;aerodinamica. Questo materiale testurizzato UPF-50 crea turbolenza sugli strati limite fondamentali durante le alte velocit\u00e0 in bicicletta, riducendo la resistenza aerodinamica e migliorando i tempi di gara. <\/p>\n<p><strong>Aeroforce Soft-Touch <\/strong>&#8211; Il rivoluzionario tessuto francese utilizzato per i pannelli principali anteriori e posteriori \u00e8 estremamente confortevole sulla pelle e tecnicamente avanzato. \u00c8 uno dei tessuti performanti pi\u00f9 costosi sul mercato, ma una volta provato capirai perch\u00e9. <\/p>\n<p><strong>I vantaggi principali includono:<\/strong><\/p>\n<ol>\n<li>&#8211; <strong>Estremamente traspirante<\/strong> e traspirante per un controllo ottimale della temperatura.<\/li>\n<li>&#8211; <strong>Incredibilmente leggero<\/strong> e ad asciugatura rapida, \u00e8 comunque resistente e offre una protezione UPF 50+.<\/li>\n<li>&#8211; <strong>Elastico a 360\u00b0<\/strong> per una totale libert\u00e0 di movimento.<\/li>\n<li>&#8211;<strong> Il rivestimento idrorepellente Nano ad alta tecnologia<\/strong> riduce la resistenza all&#8217;avanzamento dentro e fuori dall&#8217;acqua. Migliora il tempo di nuoto, respinge il sudore e ti mantiene pi\u00f9 asciutto e caldo in caso di pioggia. <\/li>\n<li>\n \t<\/li>\n<li><strong>Sensoriale<\/strong>: Un tessuto estremamente liscio e morbido che si sente benissimo sulla pelle, che offre un sostegno e una compressione extra sulle gambe insieme a un rivestimento completamente idrorepellente. Il tessuto \u00e8 altamente traspirante e traspirante, mentre l&#8217;elasticit\u00e0 a 360\u00ba garantisce una totale libert\u00e0 di movimento. <\/li>\n<li><strong>Pinze per le gambe integrate:<\/strong> Design italiano di qualit\u00e0 superiore che utilizza fibre d&#8217;oro naturali per migliorare il comfort. Questo pannello esteso \u00e8 incollato per garantire una vestibilit\u00e0 ottimale e resistenza alla resistenza. Le pinze mantengono le gambe in posizione sulla bici e sulla corsa, senza la cucitura aggiuntiva presente nella maggior parte delle tute Tri. Questo tessuto \u00e8 inoltre altamente traspirante, allontana l&#8217;umidit\u00e0 ed \u00e8 comodo per il corpo, consentendo un&#8217;ottima vestibilit\u00e0.   <\/li>\n<\/ol>\n<p><strong>PRESTAZIONI:<\/strong><\/p>\n<ol>\n<li>Ogni tessuto \u00e8 stato scelto e posizionato con cura per migliorare le prestazioni, il comfort e la resistenza.<\/li>\n<li>Zip frontale completa &#8211; Questa caratteristica permette di indossare e togliere la tuta in modo pi\u00f9 semplice e veloce. \u00c8 fondamentale per fare delle rapide pause bagno durante la gara e per consentire la ventilazione completa del busto in condizioni di grande caldo. <\/li>\n<li>La compressione bilanciata \u00e8 garantita attraverso le gambe grazie a una forma accuratamente progettata dei pannelli e all&#8217;elevato grado di denaratura del tessuto Sensory. Questo migliora il sostegno muscolare e contribuisce ad aumentare il flusso sanguigno verso le gambe, riducendo cos\u00ec l&#8217;accumulo di acido lattico e aiutando a migliorare la resistenza e la capacit\u00e0 di recupero. <\/li>\n<li>Cuscinetto Tri Comp nuovo di zecca.<\/li>\n<li>Maniche termosaldate &#8211; Per una vestibilit\u00e0 e un comfort ottimali e una resistenza ridotta rispetto alle cuciture.<\/li>\n<li>Il design comfort fit su tutto il corpo ti permette di massimizzare le prestazioni nel nuoto, nella bici e nella corsa.<\/li>\n<li>Il colore bianco ottico utilizzato sulla maggior parte del top aiuta a riflettere il calore del sole.<\/li>\n<li>Tasche per la nutrizione: si trovano sulla schiena e sono progettate con una copertura termosaldata che permette di conservare i gel e di accedervi facilmente durante la corsa o la bicicletta.<\/li>\n<\/ol>\n","protected":false},"excerpt":{"rendered":"<p>Quando ti impegni in eventi di distanza IM e oltre, devi sapere che il fornitore del tuo kit \u00e8 impegnato quanto te. Su quelle distanze sentirai ogni imperfezione, decisione affrettata e risparmio che un marchio ha fatto. <\/p>\n<p>La pluripremiata collezione Lava \u00e8 stata il punto fermo dell&#8217;endurance di ZONE3 sin dal suo lancio nel 2013 e da allora abbiamo continuato a ricercarla e svilupparla. Ora \u00e8 una vera e propria collezione di tute e completi maschili e femminili. Abbiamo scelto i migliori materiali italiani e francesi per respingere l&#8217;acqua, ottimizzare l&#8217;aerodinamica e migliorare il comfort. <\/p>\n<p>Testata nel velodromo e approvata a livello internazionale dai nostri atleti d&#8217;\u00e9lite nel 2019, la tuta Lava combina pannelli aerodinamici avanzati, rivestimenti idrorepellenti e finiture resistenti alla resistenza per essere la nostra tuta da endurance Lava pi\u00f9 veloce di sempre.<\/p>\n<p>Questa tuta offre un comfort totale e prestazioni elevate in tutte e tre le discipline. Se hai intenzione di affrontare una gara di lunga distanza in questa stagione, speriamo che questa sia la tuta perfetta. <\/p>\n","protected":false},"featured_media":64847,"template":"","meta":[],"product_brand":[],"product_cat":[2197,315],"product_tag":[],"class_list":{"0":"post-64859","1":"product","2":"type-product","3":"status-publish","4":"has-post-thumbnail","6":"product_cat-saldi","7":"product_cat-gear-it","8":"pa_brand-zona3","9":"pa_size-l-it","10":"pa_size-m-it","11":"pa_size-xl-it","13":"first","14":"instock","15":"sale","16":"shipping-taxable","17":"purchasable","18":"product-type-variable"},"_links":{"self":[{"href":"https:\/\/espacetriathlon.com\/it\/wp-json\/wp\/v2\/product\/64859","targetHints":{"allow":["GET"]}}],"collection":[{"href":"https:\/\/espacetriathlon.com\/it\/wp-json\/wp\/v2\/product"}],"about":[{"href":"https:\/\/espacetriathlon.com\/it\/wp-json\/wp\/v2\/types\/product"}],"version-history":[{"count":0,"href":"https:\/\/espacetriathlon.com\/it\/wp-json\/wp\/v2\/product\/64859\/revisions"}],"wp:featuredmedia":[{"embeddable":true,"href":"https:\/\/espacetriathlon.com\/it\/wp-json\/wp\/v2\/media\/64847"}],"wp:attachment":[{"href":"https:\/\/espacetriathlon.com\/it\/wp-json\/wp\/v2\/media?parent=64859"}],"wp:term":[{"taxonomy":"product_brand","embeddable":true,"href":"https:\/\/espacetriathlon.com\/it\/wp-json\/wp\/v2\/product_brand?post=64859"},{"taxonomy":"product_cat","embeddable":true,"href":"https:\/\/espacetriathlon.com\/it\/wp-json\/wp\/v2\/product_cat?post=64859"},{"taxonomy":"product_tag","embeddable":true,"href":"https:\/\/espacetriathlon.com\/it\/wp-json\/wp\/v2\/product_tag?post=64859"}],"curies":[{"name":"wp","href":"https:\/\/api.w.org\/{rel}","templated":true}]}}