{"id":64960,"date":"2026-04-04T11:43:06","date_gmt":"2026-04-04T11:43:06","guid":{"rendered":"https:\/\/espacetriathlon.com\/?post_type=product&#038;p=64960"},"modified":"2026-04-04T11:48:45","modified_gmt":"2026-04-04T11:48:45","slug":"aeroforce-x-ii-short-sleeve-trisuit-women","status":"publish","type":"product","link":"https:\/\/espacetriathlon.com\/it\/product\/aeroforce-x-ii-short-sleeve-trisuit-women\/","title":{"rendered":"Aeroforce-X II Short Sleeve Trisuit Women"},"content":{"rendered":"<ul>\n<li>I <strong>fori per le braccia e le gambe tagliati al laser<\/strong> con un&#8217;impugnatura integrata in silicone leggero sono progettati per mantenere le braccia e le gambe in posizione. Questo design unico migliora anche il profilo aerodinamico grazie all&#8217;eliminazione delle cuciture.<\/li>\n<li><strong>La scollatura a basso profilo<\/strong> \u00e8 progettata per migliorare la vestibilit\u00e0 senza sfregamenti.<\/li>\n<li><strong>I rivestimenti idrorepellenti<\/strong> contribuiscono a ridurre la resistenza e l&#8217;assorbimento in acqua, aggiungendo ulteriore velocit\u00e0 e riducendo la fatica prima della bici.<\/li>\n<li><strong>Conservazione della nutrizione:<\/strong> Tasche dal design aerodinamico per riporre gli alimenti senza compromettere le prestazioni o aumentare la resistenza aerodinamica.<\/li>\n<li><strong>Una cerniera flessibile unica nel suo genere<\/strong> \u00e8 stata acquistata in Giappone per consentire di ottenere una posizione pi\u00f9 aerodinamica sulla bici, pur mantenendo il comfort quando si \u00e8 in piedi per correre.<\/li>\n<li><strong>Pad ad alte prestazioni <\/strong>prodotto da Cytech in Italia, specificamente progettato per il triathlon e adatto a tutte le distanze, che si tratti di Sprint, Olimpico, 70.3 o Lungo.<\/li>\n<li>La lunghezza delle braccia e delle gambe \u00e8 stata studiata per essere un po&#8217; pi\u00f9 lunga rispetto alla tradizionale tuta tris per massimizzare i benefici aerodinamici.<\/li>\n<\/ul>\n","protected":false},"excerpt":{"rendered":"<p>Il bello di questa tuta \u00e8 che i dati dimostrano che le sue prestazioni sono superiori a quelle di tutte le tute aerodinamiche della concorrenza e, cosa pi\u00f9 importante, lo fanno su una serie di velocit\u00e0 chiave. Quindi, non solo a 40 km\/h, ma anche a 30, 35 e 45 km\/h, che sono le velocit\u00e0 pi\u00f9 comuni durante la fase ciclistica.<\/p>\n<p>Ci siamo prefissati di progettare una tuta che offrisse miglioramenti in una serie di scenari, e questo \u00e8 il risultato che abbiamo ottenuto. Vogliamo che il cliente possa investire in una tuta Aeroforce-X II sapendo che sar\u00e0 pi\u00f9 veloce e avr\u00e0 un vantaggio rispetto a qualsiasi altro atleta sulla linea di partenza che non indossi questa tuta.<\/p>\n<p>Indipendentemente dal percorso che stai correndo o dalle velocit\u00e0 di frazione in bici previste, investire in questa tuta ti aiuter\u00e0 a risparmiare watt, ad aumentare la velocit\u00e0 e a sentirti pi\u00f9 fresco per la corsa.<\/p>\n","protected":false},"featured_media":64984,"template":"","meta":[],"product_brand":[],"product_cat":[2197,315],"product_tag":[],"class_list":{"0":"post-64960","1":"product","2":"type-product","3":"status-publish","4":"has-post-thumbnail","6":"product_cat-saldi","7":"product_cat-gear-it","8":"pa_brand-zona3","9":"pa_size-m-it","10":"pa_size-s-it","12":"first","13":"instock","14":"sale","15":"shipping-taxable","16":"purchasable","17":"product-type-variable"},"_links":{"self":[{"href":"https:\/\/espacetriathlon.com\/it\/wp-json\/wp\/v2\/product\/64960","targetHints":{"allow":["GET"]}}],"collection":[{"href":"https:\/\/espacetriathlon.com\/it\/wp-json\/wp\/v2\/product"}],"about":[{"href":"https:\/\/espacetriathlon.com\/it\/wp-json\/wp\/v2\/types\/product"}],"version-history":[{"count":2,"href":"https:\/\/espacetriathlon.com\/it\/wp-json\/wp\/v2\/product\/64960\/revisions"}],"predecessor-version":[{"id":64991,"href":"https:\/\/espacetriathlon.com\/it\/wp-json\/wp\/v2\/product\/64960\/revisions\/64991"}],"wp:featuredmedia":[{"embeddable":true,"href":"https:\/\/espacetriathlon.com\/it\/wp-json\/wp\/v2\/media\/64984"}],"wp:attachment":[{"href":"https:\/\/espacetriathlon.com\/it\/wp-json\/wp\/v2\/media?parent=64960"}],"wp:term":[{"taxonomy":"product_brand","embeddable":true,"href":"https:\/\/espacetriathlon.com\/it\/wp-json\/wp\/v2\/product_brand?post=64960"},{"taxonomy":"product_cat","embeddable":true,"href":"https:\/\/espacetriathlon.com\/it\/wp-json\/wp\/v2\/product_cat?post=64960"},{"taxonomy":"product_tag","embeddable":true,"href":"https:\/\/espacetriathlon.com\/it\/wp-json\/wp\/v2\/product_tag?post=64960"}],"curies":[{"name":"wp","href":"https:\/\/api.w.org\/{rel}","templated":true}]}}