{"id":65122,"date":"2026-04-04T19:19:59","date_gmt":"2026-04-04T19:19:59","guid":{"rendered":"https:\/\/espacetriathlon.com\/?post_type=product&#038;p=65122"},"modified":"2026-04-04T19:26:28","modified_gmt":"2026-04-04T19:26:28","slug":"muta-advance-uomo","status":"publish","type":"product","link":"https:\/\/espacetriathlon.com\/it\/product\/muta-advance-uomo\/","title":{"rendered":"Muta Advance Uomo"},"content":{"rendered":"<ul>\n<li>Il nuovissimo design<strong> del pannello della spalla Yamamoto #39 SCS Free-Flex da 1,5 mm<\/strong> offre alti livelli di flessibilit\u00e0, comfort ed efficienza ad ogni bracciata.<\/li>\n<li><strong>16% di riduzione del peso<\/strong>rispetto al modello 2020, pur mantenendo gli stessi livelli di galleggiabilit\u00e0 e calore.<\/li>\n<li><strong>Rivestimenti AQUA-X<\/strong>utilizzati per ridurre al minimo la resistenza aerodinamica e aumentare la velocit\u00e0 in acqua.<\/li>\n<li><strong>Tessuto liscio<\/strong>utilizzato per evitare che l&#8217;acqua penetri nella tuta e la appesantisca.<\/li>\n<li>I <strong>pannelli di supporto al galleggiamento da 4 mm<\/strong>sulla parte superiore delle gambe aiutano a mantenere le gambe verso la superficie dell&#8217;acqua, riducendo cos\u00ec in modo significativo la resistenza e l&#8217;affaticamento.<\/li>\n<li><strong>Stampe ad alta visibilit\u00e0<\/strong> per distinguersi quando si \u00e8 in acqua<\/li>\n<li><strong>I polsini Slimline Pro-Speed<\/strong>offrono una velocit\u00e0 di rimozione superiore.<\/li>\n<li><strong>Il colletto Laser Precision<\/strong>offre una comoda vestibilit\u00e0 &#8220;soft-close&#8221; intorno al collo.<\/li>\n<li>La <strong>disposizione dei pannelli delle maniche raglan<\/strong> offre una maggiore flessibilit\u00e0 per consentire una maggiore efficienza della corsa.<\/li>\n<\/ul>\n","protected":false},"excerpt":{"rendered":"<p>Partendo da queste basi gi\u00e0 alte, l&#8217;ultima edizione della Advance fa un altro enorme passo avanti. In particolare, ora \u00e8 dotata della gomma neoprene YAMAMOTO pi\u00f9 performante al mondo. Pur mantenendo un prezzo contenuto, la muta Advance \u00e8 la scelta perfetta per i nuotatori principianti o intermedi che cercano una muta comoda e performante per allenarsi, gareggiare o semplicemente esplorare le acque libere.<\/p>\n<p>Nella muta Advance vengono utilizzati 10 materiali diversi, per garantire il massimo delle prestazioni, del comfort e della durata pur mantenendo un prezzo contenuto.Inoltre, non ci sono pannelli di nylon o cuciture esterne flatlock, per evitare l&#8217;ingresso dell&#8217;acqua e migliorare la velocit\u00e0 e il comfort.<\/p>\n<p>Dopo aver vinto il premio &#8220;Best on Test&#8221;, 220 Triathlon Magazine ha commentato:<br \/>\n<em>&#8216;L&#8217;Advance non avrebbe nulla da invidiare a molti prodotti di fascia media disponibili al doppio del prezzo&#8217;. Un brillante prodotto tuttofare a un ottimo prezzo&#8217;. <\/em><\/p>\n","protected":false},"featured_media":65178,"template":"","meta":[],"product_brand":[],"product_cat":[308],"product_tag":[],"class_list":{"0":"post-65122","1":"product","2":"type-product","3":"status-publish","4":"has-post-thumbnail","6":"product_cat-wetsuit-neopren-it","7":"pa_brand-zone3","9":"first","10":"instock","11":"shipping-taxable","12":"purchasable","13":"product-type-variable"},"_links":{"self":[{"href":"https:\/\/espacetriathlon.com\/it\/wp-json\/wp\/v2\/product\/65122","targetHints":{"allow":["GET"]}}],"collection":[{"href":"https:\/\/espacetriathlon.com\/it\/wp-json\/wp\/v2\/product"}],"about":[{"href":"https:\/\/espacetriathlon.com\/it\/wp-json\/wp\/v2\/types\/product"}],"version-history":[{"count":2,"href":"https:\/\/espacetriathlon.com\/it\/wp-json\/wp\/v2\/product\/65122\/revisions"}],"predecessor-version":[{"id":65185,"href":"https:\/\/espacetriathlon.com\/it\/wp-json\/wp\/v2\/product\/65122\/revisions\/65185"}],"wp:featuredmedia":[{"embeddable":true,"href":"https:\/\/espacetriathlon.com\/it\/wp-json\/wp\/v2\/media\/65178"}],"wp:attachment":[{"href":"https:\/\/espacetriathlon.com\/it\/wp-json\/wp\/v2\/media?parent=65122"}],"wp:term":[{"taxonomy":"product_brand","embeddable":true,"href":"https:\/\/espacetriathlon.com\/it\/wp-json\/wp\/v2\/product_brand?post=65122"},{"taxonomy":"product_cat","embeddable":true,"href":"https:\/\/espacetriathlon.com\/it\/wp-json\/wp\/v2\/product_cat?post=65122"},{"taxonomy":"product_tag","embeddable":true,"href":"https:\/\/espacetriathlon.com\/it\/wp-json\/wp\/v2\/product_tag?post=65122"}],"curies":[{"name":"wp","href":"https:\/\/api.w.org\/{rel}","templated":true}]}}