{"id":66040,"date":"2026-04-25T16:07:19","date_gmt":"2026-04-25T16:07:19","guid":{"rendered":"https:\/\/espacetriathlon.com\/product\/stream-ss-tri-suit-uomo-bianco-blu-verde\/"},"modified":"2026-04-25T16:07:19","modified_gmt":"2026-04-25T16:07:19","slug":"stream-ss-tri-suit-uomo-bianco-blu-verde","status":"publish","type":"product","link":"https:\/\/espacetriathlon.com\/it\/product\/stream-ss-tri-suit-uomo-bianco-blu-verde\/","title":{"rendered":"Stream SS Tri Suit Uomo Bianco\/Blu\/Verde"},"content":{"rendered":"<p>Parte della nostra gamma da triathlon completamente rinnovata, la tuta SS Stream Tri da uomo combina materiali all&#8217;avanguardia con un comfort eccezionale per mantenerti concentrato e veloce in ogni disciplina. Sviluppata insieme ai nostri atleti professionisti e testata nella galleria del vento, la tuta \u00e8 realizzata con l&#8217;avanzato filato Payen per un&#8217;eccezionale termoregolazione, gestione dell&#8217;umidit\u00e0 e traspirabilit\u00e0 sulla strada verso il traguardo. Il design specifico per il triathlon include aree in rete ultra-ventilate sulla schiena, lungo la cerniera anteriore e lungo le gambe per migliorare il flusso d&#8217;aria durante gli sforzi pi\u00f9 intensi. Il supporto posturale \u00e8 integrato per darti una marcia in pi\u00f9 a fine gara, mentre il giromanica intelligente e le cuciture elastiche delle maniche sono posizionate in modo da eliminare gli sfregamenti e garantire una libert\u00e0 di movimento ottimale in ogni disciplina. La doppiatura sul pannello frontale inferiore offre una maggiore opacit\u00e0, mentre le strisce Aero.Stripes posizionate strategicamente sulle maniche e sulle gambe riducono la resistenza aerodinamica per massimizzare la velocit\u00e0 sul percorso ciclistico. Questa tuta \u00e8 inoltre dotata di una zip aperta su tutta la lunghezza con doppiatura protettiva e linguetta per una termoregolazione ottimale quando la pista si riscalda. Una cintura compressiva ma flessibile avvolge la vita per fornire supporto muscolare e per riporre comodamente la nutrizione o piccoli oggetti essenziali, mentre due tasche posteriori aggiuntive offrono un facile accesso ai gel. Infine, ma non per questo meno importante, il fondello multi-densit\u00e0 \u00e8 infuso con filato di grafene antibatterico per un comfort e un sostegno eccezionali durante le gare pi\u00f9 lunghe. Non si fa triathlon se non si va fino in fondo, e la SS Stream Tri Suit \u00e8 qui per sostenerti dalla battigia fino all&#8217;arco di arrivo. La gara \u00e8 tua.         <\/p>\n","protected":false},"excerpt":{"rendered":"<p>Tuta da triathlon da uomo ad alte prestazioni con tessuto aerodinamico, ventilazione e comfort mirato per aiutarti a dare il meglio in ogni disciplina<br \/>\nCompressport<\/p>\n","protected":false},"featured_media":66033,"template":"","meta":[],"product_brand":[],"product_cat":[315],"product_tag":[],"class_list":{"0":"post-66040","1":"product","2":"type-product","3":"status-publish","4":"has-post-thumbnail","6":"product_cat-gear-it","7":"pa_brand-compressport-it","8":"pa_size-l-it","9":"pa_size-m-it","10":"pa_size-s-it","11":"pa_size-xl-it","13":"first","14":"instock","15":"shipping-taxable","16":"purchasable","17":"product-type-variable"},"_links":{"self":[{"href":"https:\/\/espacetriathlon.com\/it\/wp-json\/wp\/v2\/product\/66040","targetHints":{"allow":["GET"]}}],"collection":[{"href":"https:\/\/espacetriathlon.com\/it\/wp-json\/wp\/v2\/product"}],"about":[{"href":"https:\/\/espacetriathlon.com\/it\/wp-json\/wp\/v2\/types\/product"}],"version-history":[{"count":0,"href":"https:\/\/espacetriathlon.com\/it\/wp-json\/wp\/v2\/product\/66040\/revisions"}],"wp:featuredmedia":[{"embeddable":true,"href":"https:\/\/espacetriathlon.com\/it\/wp-json\/wp\/v2\/media\/66033"}],"wp:attachment":[{"href":"https:\/\/espacetriathlon.com\/it\/wp-json\/wp\/v2\/media?parent=66040"}],"wp:term":[{"taxonomy":"product_brand","embeddable":true,"href":"https:\/\/espacetriathlon.com\/it\/wp-json\/wp\/v2\/product_brand?post=66040"},{"taxonomy":"product_cat","embeddable":true,"href":"https:\/\/espacetriathlon.com\/it\/wp-json\/wp\/v2\/product_cat?post=66040"},{"taxonomy":"product_tag","embeddable":true,"href":"https:\/\/espacetriathlon.com\/it\/wp-json\/wp\/v2\/product_tag?post=66040"}],"curies":[{"name":"wp","href":"https:\/\/api.w.org\/{rel}","templated":true}]}}