{"id":66055,"date":"2026-04-25T17:27:07","date_gmt":"2026-04-25T17:27:07","guid":{"rendered":"https:\/\/espacetriathlon.com\/?post_type=product&#038;p=66055"},"modified":"2026-04-25T17:31:22","modified_gmt":"2026-04-25T17:31:22","slug":"stream-ss-tri-suit-uomo-bianco-blu-verde-copy","status":"publish","type":"product","link":"https:\/\/espacetriathlon.com\/it\/product\/stream-ss-tri-suit-uomo-bianco-blu-verde-copy\/","title":{"rendered":"Stream SS Tri Suit Donna Lavanda\/Begonia"},"content":{"rendered":"<p>La tuta SS Stream Tri Suit da donna fa parte della nostra collezione triathlon completamente ridisegnata e combina materiali all&#8217;avanguardia con un comfort eccezionale per mantenerti concentrato e veloce in ogni disciplina. La tuta \u00e8 stata sviluppata in collaborazione con i nostri atleti professionisti e testata nella galleria del vento. \u00c8 realizzata con l&#8217;avanzato filato Payen per una termoregolazione, una gestione dell&#8217;umidit\u00e0 e una traspirabilit\u00e0 eccezionali durante il percorso verso il traguardo. Il design specifico per il triathlon include aree in rete ultra-ventilate sulla schiena, lungo la zip anteriore e sulle gambe per migliorare la circolazione dell&#8217;aria durante gli sforzi pi\u00f9 intensi. Il caratteristico supporto posturale \u00e8 integrato per darti una marcia in pi\u00f9 a fine gara, mentre l&#8217;intelligente giromanica e le cuciture elastiche delle maniche sono posizionate in modo da evitare sfregamenti e garantire una libert\u00e0 di movimento ottimale in qualsiasi disciplina. La doppiatura sulla parte inferiore del davanti offre una copertura extra, mentre le strisce Aero.Stripes posizionate strategicamente sulle maniche e sulle gambe riducono la resistenza aerodinamica per massimizzare la velocit\u00e0 sul percorso ciclistico. Questa tuta \u00e8 inoltre dotata di una zip aperta su tutta la lunghezza con soffietto protettivo e pattina per una termoregolazione ottimale quando la situazione si scalda sul campo di gara. Una cintura compressiva ma flessibile intorno alla vita sostiene i muscoli e offre un comodo spazio per riporre cibo o piccoli oggetti, mentre due tasche aggiuntive sulla schiena consentono di accedere facilmente ai gel. Infine, il fondello multi-densit\u00e0 \u00e8 infuso con filato di grafene antibatterico per un comfort e un sostegno eccezionali durante le gare pi\u00f9 lunghe. Non si fa triathlon se non si arriva alla fine, e la SS Stream Tri Suit \u00e8 l\u00ec per sostenerti dall&#8217;acqua all&#8217;arco di arrivo. La gara \u00e8 tua.            <\/p>\n","protected":false},"excerpt":{"rendered":"<p>Tuta da triathlon da uomo ad alte prestazioni con materiali aerodinamici, ventilazione e comfort mirato per permetterti di dare il meglio in ogni disciplina<br \/>\nCompressport<\/p>\n","protected":false},"featured_media":66075,"template":"","meta":[],"product_brand":[],"product_cat":[315],"product_tag":[],"class_list":{"0":"post-66055","1":"product","2":"type-product","3":"status-publish","4":"has-post-thumbnail","6":"product_cat-gear-it","7":"pa_brand-compressport-it","8":"pa_size-l-it","9":"pa_size-m-it","10":"pa_size-s-it","11":"pa_size-xl-it","13":"first","14":"instock","15":"shipping-taxable","16":"purchasable","17":"product-type-variable"},"_links":{"self":[{"href":"https:\/\/espacetriathlon.com\/it\/wp-json\/wp\/v2\/product\/66055","targetHints":{"allow":["GET"]}}],"collection":[{"href":"https:\/\/espacetriathlon.com\/it\/wp-json\/wp\/v2\/product"}],"about":[{"href":"https:\/\/espacetriathlon.com\/it\/wp-json\/wp\/v2\/types\/product"}],"version-history":[{"count":2,"href":"https:\/\/espacetriathlon.com\/it\/wp-json\/wp\/v2\/product\/66055\/revisions"}],"predecessor-version":[{"id":66095,"href":"https:\/\/espacetriathlon.com\/it\/wp-json\/wp\/v2\/product\/66055\/revisions\/66095"}],"wp:featuredmedia":[{"embeddable":true,"href":"https:\/\/espacetriathlon.com\/it\/wp-json\/wp\/v2\/media\/66075"}],"wp:attachment":[{"href":"https:\/\/espacetriathlon.com\/it\/wp-json\/wp\/v2\/media?parent=66055"}],"wp:term":[{"taxonomy":"product_brand","embeddable":true,"href":"https:\/\/espacetriathlon.com\/it\/wp-json\/wp\/v2\/product_brand?post=66055"},{"taxonomy":"product_cat","embeddable":true,"href":"https:\/\/espacetriathlon.com\/it\/wp-json\/wp\/v2\/product_cat?post=66055"},{"taxonomy":"product_tag","embeddable":true,"href":"https:\/\/espacetriathlon.com\/it\/wp-json\/wp\/v2\/product_tag?post=66055"}],"curies":[{"name":"wp","href":"https:\/\/api.w.org\/{rel}","templated":true}]}}