{"id":66182,"date":"2026-04-27T16:27:20","date_gmt":"2026-04-27T16:27:20","guid":{"rendered":"https:\/\/espacetriathlon.com\/product\/apex-swimskin-donna\/"},"modified":"2026-04-27T16:27:20","modified_gmt":"2026-04-27T16:27:20","slug":"apex-swimskin-donna","status":"publish","type":"product","link":"https:\/\/espacetriathlon.com\/it\/product\/apex-swimskin-donna\/","title":{"rendered":"Apex Swimskin Donna"},"content":{"rendered":"<p>SUPERIOR ELASTICITY<\/p>\n<p>Grazie all&#8217;utilizzo di materiale pi\u00f9 elastico nell&#8217;area dietro le spalle, l&#8217;Apex Swimskin ti permette di nuotare senza restrizioni, riducendo l&#8217;affaticamento muscolare.<\/p>\n<p>COMFORT<\/p>\n<p>Grazie all&#8217;utilizzo di materiali con maggiore elasticit\u00e0, \u00e8 un prodotto molto comodo per il nuoto, soprattutto perch\u00e9 non si \u00e8 limitati nella zona delle spalle.<\/p>\n<p>PRESTAZIONI<\/p>\n<p>La costruzione della Swimskin con tessuto HydroSkin+ riduce significativamente il coefficiente di attrito del nuotatore.<\/p>\n<p>MATERIAL<\/p>\n<p>Realizzato con materiali sostenibili.<\/p>\n<p>Composizione:<\/p>\n<p>Elastam (Spandex): 20 %, Poliammide (Nylon): 80 %<\/p>\n","protected":false},"excerpt":{"rendered":"<p>L&#8217;Apex Swimskin \u00e8 una tuta Orca top di gamma progettata per le gare di triathlon in cui non \u00e8 consentito l&#8217;uso della muta. La sua costruzione con tessuto HydroSkin+ migliora l&#8217;idrodinamica nella fase di nuoto, mentre l&#8217;uso di materiale pi\u00f9 elastico nella zona dietro le spalle ti permette di nuotare in totale libert\u00e0 e in totale comfort. <\/p>\n","protected":false},"featured_media":66156,"template":"","meta":[],"product_brand":[],"product_cat":[315],"product_tag":[],"class_list":{"0":"post-66182","1":"product","2":"type-product","3":"status-publish","4":"has-post-thumbnail","6":"product_cat-gear-it","7":"pa_brand-orca-it","8":"pa_size-l-it","9":"pa_size-m-it","10":"pa_size-s-it","12":"first","13":"instock","14":"shipping-taxable","15":"purchasable","16":"product-type-variable"},"_links":{"self":[{"href":"https:\/\/espacetriathlon.com\/it\/wp-json\/wp\/v2\/product\/66182","targetHints":{"allow":["GET"]}}],"collection":[{"href":"https:\/\/espacetriathlon.com\/it\/wp-json\/wp\/v2\/product"}],"about":[{"href":"https:\/\/espacetriathlon.com\/it\/wp-json\/wp\/v2\/types\/product"}],"version-history":[{"count":0,"href":"https:\/\/espacetriathlon.com\/it\/wp-json\/wp\/v2\/product\/66182\/revisions"}],"wp:featuredmedia":[{"embeddable":true,"href":"https:\/\/espacetriathlon.com\/it\/wp-json\/wp\/v2\/media\/66156"}],"wp:attachment":[{"href":"https:\/\/espacetriathlon.com\/it\/wp-json\/wp\/v2\/media?parent=66182"}],"wp:term":[{"taxonomy":"product_brand","embeddable":true,"href":"https:\/\/espacetriathlon.com\/it\/wp-json\/wp\/v2\/product_brand?post=66182"},{"taxonomy":"product_cat","embeddable":true,"href":"https:\/\/espacetriathlon.com\/it\/wp-json\/wp\/v2\/product_cat?post=66182"},{"taxonomy":"product_tag","embeddable":true,"href":"https:\/\/espacetriathlon.com\/it\/wp-json\/wp\/v2\/product_tag?post=66182"}],"curies":[{"name":"wp","href":"https:\/\/api.w.org\/{rel}","templated":true}]}}