{"id":66228,"date":"2026-04-27T19:30:55","date_gmt":"2026-04-27T19:30:55","guid":{"rendered":"https:\/\/espacetriathlon.com\/?post_type=product&#038;p=66228"},"modified":"2026-04-27T19:34:39","modified_gmt":"2026-04-27T19:34:39","slug":"base-body-donna","status":"publish","type":"product","link":"https:\/\/espacetriathlon.com\/it\/product\/base-body-donna\/","title":{"rendered":"Base Body Donna &#8211; Sottotuta termica"},"content":{"rendered":"<p>Materiali<\/p>\n<p>Questo capo \u00e8 realizzato con neoprene Yamamoto da 2 mm e una fodera interna di alta qualit\u00e0 per la massima elasticit\u00e0.<br \/>\nCostruzione<\/p>\n<p>Senza cerniera o maniche, la Thermal Undersuit offre un maggiore comfort, sia indossata come strato singolo che sotto una muta.<br \/>\nComposizione:<\/p>\n<p>Neoprene : 90 %, Poliammide (Nylon) : 10 %  <\/p>\n","protected":false},"excerpt":{"rendered":"<p>Il Base Body \u00e8 l&#8217;accessorio perfetto per praticare i tuoi sport acquatici preferiti. Pu\u00f2 essere indossato come strato singolo in acque temperate o sotto la muta in caso di temperature molto basse. <\/p>\n<p>L&#8217;utilizzo di materiale 100% Yamamoto garantisce elasticit\u00e0, leggerezza e libert\u00e0 di movimento, mentre lo spessore di 2 mm offre la protezione termica di cui hai bisogno durante le lunghe sessioni in acqua.<\/p>\n","protected":false},"featured_media":66248,"template":"","meta":[],"product_brand":[],"product_cat":[272],"product_tag":[],"class_list":{"0":"post-66228","1":"product","2":"type-product","3":"status-publish","4":"has-post-thumbnail","6":"product_cat-openwater-it","7":"pa_brand-orca-it","8":"pa_size-l-it","9":"pa_size-m-it","10":"pa_size-s-it","12":"first","13":"instock","14":"shipping-taxable","15":"purchasable","16":"product-type-variable"},"_links":{"self":[{"href":"https:\/\/espacetriathlon.com\/it\/wp-json\/wp\/v2\/product\/66228","targetHints":{"allow":["GET"]}}],"collection":[{"href":"https:\/\/espacetriathlon.com\/it\/wp-json\/wp\/v2\/product"}],"about":[{"href":"https:\/\/espacetriathlon.com\/it\/wp-json\/wp\/v2\/types\/product"}],"version-history":[{"count":2,"href":"https:\/\/espacetriathlon.com\/it\/wp-json\/wp\/v2\/product\/66228\/revisions"}],"predecessor-version":[{"id":66256,"href":"https:\/\/espacetriathlon.com\/it\/wp-json\/wp\/v2\/product\/66228\/revisions\/66256"}],"wp:featuredmedia":[{"embeddable":true,"href":"https:\/\/espacetriathlon.com\/it\/wp-json\/wp\/v2\/media\/66248"}],"wp:attachment":[{"href":"https:\/\/espacetriathlon.com\/it\/wp-json\/wp\/v2\/media?parent=66228"}],"wp:term":[{"taxonomy":"product_brand","embeddable":true,"href":"https:\/\/espacetriathlon.com\/it\/wp-json\/wp\/v2\/product_brand?post=66228"},{"taxonomy":"product_cat","embeddable":true,"href":"https:\/\/espacetriathlon.com\/it\/wp-json\/wp\/v2\/product_cat?post=66228"},{"taxonomy":"product_tag","embeddable":true,"href":"https:\/\/espacetriathlon.com\/it\/wp-json\/wp\/v2\/product_tag?post=66228"}],"curies":[{"name":"wp","href":"https:\/\/api.w.org\/{rel}","templated":true}]}}