{"id":66619,"date":"2026-05-17T09:49:46","date_gmt":"2026-05-17T09:49:46","guid":{"rendered":"https:\/\/espacetriathlon.com\/product\/aero-seamless-ss-trisuit-m-bianco-nero-uomo\/"},"modified":"2026-05-17T09:49:46","modified_gmt":"2026-05-17T09:49:46","slug":"aero-seamless-ss-trisuit-m-bianco-nero-uomo","status":"publish","type":"product","link":"https:\/\/espacetriathlon.com\/it\/product\/aero-seamless-ss-trisuit-m-bianco-nero-uomo\/","title":{"rendered":"Aero Seamless Ss Trisuit M &#8211; Bianco\/Nero Uomo"},"content":{"rendered":"<p>Innovazione, ridefinita. La nuovissima Aero Seamless SS Trisuit da uomo rappresenta l&#8217;apice dell&#8217;ingegneria delle prestazioni di Compressport, stabilendo un nuovo standard per l&#8217;abbigliamento da triathlon d&#8217;\u00e9lite. Sviluppata in collaborazione con i nostri atleti professionisti, \u00e8 la prima tuta tris completamente priva di cuciture sul mercato con l&#8217;obiettivo di ridurre al minimo le irritazioni, massimizzare il comfort e offrire una vestibilit\u00e0 da seconda pelle che si muova senza sforzo con te in ogni disciplina. Realizzata con un filato Payen all&#8217;avanguardia, la tuta \u00e8 leggera come una piuma, ad asciugatura rapida ed eccezionalmente traspirante. Le aree in rete ultra-ventilate lungo la schiena e la colonna vertebrale ti mantengono fresco e concentrato anche nelle lunghe distanze. Le strisce Aero.Stripes posizionate strategicamente sulla schiena, sulle maniche e sui pannelli delle gambe sono completate da Aero.Dots stampati sulle maniche per aiutarti a risparmiare energia e a tagliare secondi preziosi dal tuo tempo. La disposizione delle cuciture delle maniche \u00e8 ottimizzata per eliminare gli sfregamenti e rimane incredibilmente flessibile per darti la massima libert\u00e0 di movimento sia che tu stia nuotando, pedalando o correndo. L&#8217;imbottitura multi-densit\u00e0, infusa con l&#8217;innovativo filato di grafene, offre propriet\u00e0 antibatteriche e di raffreddamento senza pari per le sfide pi\u00f9 lunghe. Due eleganti tasche interne lungo la zip anteriore tengono i tuoi gel a portata di mano, mentre una tasca per il ghiaccio, posizionata in modo intelligente sotto il colletto posteriore, promette di mantenere bassa la temperatura interna quando l&#8217;ippodromo si riscalda. La cerniera anteriore chiusa \u00e8 dotata di una linguetta protettiva e di un garage per evitare irritazioni. Con maniche e gambe pi\u00f9 lunghe per migliorare l&#8217;aerodinamica e il sostegno muscolare, la Aero Seamless SS Trisuit \u00e8 progettata per la velocit\u00e0 e le prestazioni d&#8217;\u00e9lite: l&#8217;arma definitiva per i triatleti alla ricerca del loro prossimo record personale.          <\/p>\n","protected":false},"excerpt":{"rendered":"<p>Tuta da tri elite da uomo senza cuciture con aerodinamica all&#8217;avanguardia, traspirabilit\u00e0 superiore e comfort a contatto con la pelle per gare di triathlon di alto livello.<br \/>\n Design aerodinamico all&#8217;avanguardia, testato in galleria del vento, con vestibilit\u00e0 a seconda pelle, taglio pi\u00f9 lungo e strisce Aero.stripes per ridurre la resistenza aerodinamica e risparmiare watt<\/p>\n<p>Struttura completamente priva di cuciture, con filato Payen ultraleggero e pannelli in rete per un comfort, una ventilazione e una termoregolazione di livello elitario<\/p>\n<p>Caratteristiche specifiche per il triathlon, per la massima efficienza, tra cui un fondello ergonomico, una sacca portaghiaccio integrata e tasche interne per trasportare la nutrizione  <\/p>\n","protected":false},"featured_media":66610,"template":"","meta":[],"product_brand":[],"product_cat":[315],"product_tag":[],"class_list":{"0":"post-66619","1":"product","2":"type-product","3":"status-publish","4":"has-post-thumbnail","6":"product_cat-gear-it","7":"pa_brand-compressport-it","8":"pa_size-l-it","9":"pa_size-m-it","11":"first","12":"instock","13":"shipping-taxable","14":"purchasable","15":"product-type-variable"},"_links":{"self":[{"href":"https:\/\/espacetriathlon.com\/it\/wp-json\/wp\/v2\/product\/66619","targetHints":{"allow":["GET"]}}],"collection":[{"href":"https:\/\/espacetriathlon.com\/it\/wp-json\/wp\/v2\/product"}],"about":[{"href":"https:\/\/espacetriathlon.com\/it\/wp-json\/wp\/v2\/types\/product"}],"version-history":[{"count":0,"href":"https:\/\/espacetriathlon.com\/it\/wp-json\/wp\/v2\/product\/66619\/revisions"}],"wp:featuredmedia":[{"embeddable":true,"href":"https:\/\/espacetriathlon.com\/it\/wp-json\/wp\/v2\/media\/66610"}],"wp:attachment":[{"href":"https:\/\/espacetriathlon.com\/it\/wp-json\/wp\/v2\/media?parent=66619"}],"wp:term":[{"taxonomy":"product_brand","embeddable":true,"href":"https:\/\/espacetriathlon.com\/it\/wp-json\/wp\/v2\/product_brand?post=66619"},{"taxonomy":"product_cat","embeddable":true,"href":"https:\/\/espacetriathlon.com\/it\/wp-json\/wp\/v2\/product_cat?post=66619"},{"taxonomy":"product_tag","embeddable":true,"href":"https:\/\/espacetriathlon.com\/it\/wp-json\/wp\/v2\/product_tag?post=66619"}],"curies":[{"name":"wp","href":"https:\/\/api.w.org\/{rel}","templated":true}]}}